{"id":1255,"date":"2020-08-21T05:53:02","date_gmt":"2020-08-21T05:53:02","guid":{"rendered":"http:\/\/ninzio.com\/byron\/?page_id=1255"},"modified":"2026-02-28T06:09:43","modified_gmt":"2026-02-28T06:09:43","slug":"servicos","status":"publish","type":"page","link":"https:\/\/arqcreative.com.br\/index.php\/servicos\/","title":{"rendered":"Servi\u00e7os"},"content":{"rendered":"\t\t<div data-elementor-type=\"wp-page\" data-elementor-id=\"1255\" class=\"elementor elementor-1255\">\n\t\t\t\t\t\t<section class=\"elementor-section elementor-top-section elementor-element elementor-element-8ba2113 elementor-section-stretched elementor-section-full_width elementor-section-height-default elementor-section-height-default\" data-id=\"8ba2113\" data-element_type=\"section\" data-e-type=\"section\" data-settings=\"{&quot;stretch_section&quot;:&quot;section-stretched&quot;,&quot;background_background&quot;:&quot;classic&quot;}\">\n\t\t\t\t\t\t<div class=\"elementor-container elementor-column-gap-default\">\n\t\t\t\t\t<div class=\"elementor-column elementor-col-100 elementor-top-column elementor-element elementor-element-b57456b\" data-id=\"b57456b\" data-element_type=\"column\" data-e-type=\"column\">\n\t\t\t<div class=\"elementor-widget-wrap elementor-element-populated\">\n\t\t\t\t\t\t<div class=\"elementor-element elementor-element-4bf528f elementor-widget elementor-widget-spacer\" data-id=\"4bf528f\" data-element_type=\"widget\" data-e-type=\"widget\" data-widget_type=\"spacer.default\">\n\t\t\t\t\t\t\t<div class=\"elementor-spacer\">\n\t\t\t<div class=\"elementor-spacer-inner\"><\/div>\n\t\t<\/div>\n\t\t\t\t\t\t<\/div>\n\t\t\t\t<div class=\"elementor-element elementor-element-8c1e09c align-center elementor-widget elementor-widget-mae-headings\" data-id=\"8c1e09c\" data-element_type=\"widget\" data-e-type=\"widget\" data-widget_type=\"mae-headings.default\">\n\t\t\t\t<div class=\"elementor-widget-container\">\n\t\t\t\t\t\t\t<div class=\"master-heading\">\n\t        \t            <div class=\"pre-heading\">SOLU\u00c7\u00d5ES COMPLETAS PARA FEIRAS E CONGRESSOS<\/div>\n\t        \n\t        \t        <h2 class=\"main-heading\">Nossos servi\u00e7os para stands, cenografia e experi\u00eancias de marca<\/h2>\n\t        \n\t        \n\t        \t            <div class=\"sub-heading\">Do conceito ao stand funcionando, voc\u00ea contrata uma entrega completa e pode adicionar recursos conforme a estrat\u00e9gia do seu evento. Atuamos com projetos e montagens que priorizam circula\u00e7\u00e3o, visibilidade, experi\u00eancia e robustez estrutural \u2014 com seguran\u00e7a e acabamento premium.<\/div>\n\t        \t    <\/div>\n\t    \t\t\t\t<\/div>\n\t\t\t\t<\/div>\n\t\t\t\t<div class=\"elementor-element elementor-element-f9595c7 elementor-widget elementor-widget-spacer\" data-id=\"f9595c7\" data-element_type=\"widget\" data-e-type=\"widget\" data-widget_type=\"spacer.default\">\n\t\t\t\t\t\t\t<div class=\"elementor-spacer\">\n\t\t\t<div class=\"elementor-spacer-inner\"><\/div>\n\t\t<\/div>\n\t\t\t\t\t\t<\/div>\n\t\t\t\t<section class=\"elementor-section elementor-inner-section elementor-element elementor-element-4c896e7 elementor-section-boxed elementor-section-height-default elementor-section-height-default\" data-id=\"4c896e7\" data-element_type=\"section\" data-e-type=\"section\">\n\t\t\t\t\t\t<div class=\"elementor-container elementor-column-gap-extended\">\n\t\t\t\t\t<div class=\"elementor-column elementor-col-33 elementor-inner-column elementor-element elementor-element-75dfa78\" data-id=\"75dfa78\" data-element_type=\"column\" data-e-type=\"column\">\n\t\t\t<div class=\"elementor-widget-wrap elementor-element-populated\">\n\t\t\t\t\t\t<div class=\"elementor-element elementor-element-e5c6ffb icon-position-left align-left icon-has-bg hover-effect-none elementor-widget elementor-widget-mae-icon-box\" data-id=\"e5c6ffb\" data-element_type=\"widget\" data-e-type=\"widget\" data-widget_type=\"mae-icon-box.default\">\n\t\t\t\t<div class=\"elementor-widget-container\">\n\t\t\t\t\t\n        <div class=\"master-icon-box\" >\n            \n            <div class=\"icon-wrap\"><div class=\"master-icon\"><i class=\"fas fa-check-circle\"><\/i><\/div><\/div>\n            <div class=\"text-wrap\">\n                <h3 class=\"headline-2\">Projeto 3D + Apresenta\u00e7\u00e3o<\/h3><div class=\"desc\"> Visualiza\u00e7\u00e3o clara do stand e da proposta antes de produzir, facilitando aprova\u00e7\u00e3o e ajustes com seguran\u00e7a.<\/div>            <div class=\"url-wrap\">\n                <a class=\"master-link  icon-right\" href=\"https:\/\/arqcreative.com.br\/index.php\/projeto-3d-apresentacao\/\">\n                                        <span>Saber mais<\/span>\n                    <span class=\"icon fa fa-arrow-right\"><\/span>                <\/a>\n            <\/div>\n\n                        <\/div>\n        <\/div>\n\n        \t\t\t\t<\/div>\n\t\t\t\t<\/div>\n\t\t\t\t\t<\/div>\n\t\t<\/div>\n\t\t\t\t<div class=\"elementor-column elementor-col-33 elementor-inner-column elementor-element elementor-element-017471a\" data-id=\"017471a\" data-element_type=\"column\" data-e-type=\"column\">\n\t\t\t<div class=\"elementor-widget-wrap elementor-element-populated\">\n\t\t\t\t\t\t<div class=\"elementor-element elementor-element-56d1e0c icon-position-left align-left icon-has-bg hover-effect-none elementor-widget elementor-widget-mae-icon-box\" data-id=\"56d1e0c\" data-element_type=\"widget\" data-e-type=\"widget\" data-widget_type=\"mae-icon-box.default\">\n\t\t\t\t<div class=\"elementor-widget-container\">\n\t\t\t\t\t\n        <div class=\"master-icon-box\" >\n            \n            <div class=\"icon-wrap\"><div class=\"master-icon\"><i class=\"fas fa-check-circle\"><\/i><\/div><\/div>\n            <div class=\"text-wrap\">\n                <h3 class=\"headline-2\">Cenografia e Constru\u00e7\u00e3o<\/h3><div class=\"desc\">Marcenaria, estruturas e acabamentos com padr\u00e3o premium para valorizar a marca e o fluxo no espa\u00e7o.<\/div>            <div class=\"url-wrap\">\n                <a class=\"master-link  icon-right\" href=\"https:\/\/arqcreative.com.br\/index.php\/cenografia-e-construcao\/\">\n                                        <span>Saber mais<\/span>\n                    <span class=\"icon fa fa-arrow-right\"><\/span>                <\/a>\n            <\/div>\n\n                        <\/div>\n        <\/div>\n\n        \t\t\t\t<\/div>\n\t\t\t\t<\/div>\n\t\t\t\t\t<\/div>\n\t\t<\/div>\n\t\t\t\t<div class=\"elementor-column elementor-col-33 elementor-inner-column elementor-element elementor-element-5e4f037\" data-id=\"5e4f037\" data-element_type=\"column\" data-e-type=\"column\">\n\t\t\t<div class=\"elementor-widget-wrap elementor-element-populated\">\n\t\t\t\t\t\t<div class=\"elementor-element elementor-element-3a3745a icon-position-left align-left icon-has-bg hover-effect-none elementor-widget elementor-widget-mae-icon-box\" data-id=\"3a3745a\" data-element_type=\"widget\" data-e-type=\"widget\" data-widget_type=\"mae-icon-box.default\">\n\t\t\t\t<div class=\"elementor-widget-container\">\n\t\t\t\t\t\n        <div class=\"master-icon-box\" >\n            \n            <div class=\"icon-wrap\"><div class=\"master-icon\"><i class=\"fas fa-check-circle\"><\/i><\/div><\/div>\n            <div class=\"text-wrap\">\n                <h3 class=\"headline-2\">Montagem e Desmontagem<\/h3><div class=\"desc\">Opera\u00e7\u00e3o completa no pavilh\u00e3o, dentro do cronograma do evento, com organiza\u00e7\u00e3o e entrega final eficiente.<\/div>            <div class=\"url-wrap\">\n                <a class=\"master-link  icon-right\" href=\"https:\/\/arqcreative.com.br\/index.php\/montagem-e-desmontagem\/\">\n                                        <span>Saber mais<\/span>\n                    <span class=\"icon fa fa-arrow-right\"><\/span>                <\/a>\n            <\/div>\n\n                        <\/div>\n        <\/div>\n\n        \t\t\t\t<\/div>\n\t\t\t\t<\/div>\n\t\t\t\t\t<\/div>\n\t\t<\/div>\n\t\t\t\t\t<\/div>\n\t\t<\/section>\n\t\t\t\t<section class=\"elementor-section elementor-inner-section elementor-element elementor-element-f2fd90c elementor-section-boxed elementor-section-height-default elementor-section-height-default\" data-id=\"f2fd90c\" data-element_type=\"section\" data-e-type=\"section\">\n\t\t\t\t\t\t<div class=\"elementor-container elementor-column-gap-extended\">\n\t\t\t\t\t<div class=\"elementor-column elementor-col-33 elementor-inner-column elementor-element elementor-element-5eb9440\" data-id=\"5eb9440\" data-element_type=\"column\" data-e-type=\"column\">\n\t\t\t<div class=\"elementor-widget-wrap elementor-element-populated\">\n\t\t\t\t\t\t<div class=\"elementor-element elementor-element-e2c9b09 icon-position-left align-left icon-has-bg hover-effect-none elementor-widget elementor-widget-mae-icon-box\" data-id=\"e2c9b09\" data-element_type=\"widget\" data-e-type=\"widget\" data-widget_type=\"mae-icon-box.default\">\n\t\t\t\t<div class=\"elementor-widget-container\">\n\t\t\t\t\t\n        <div class=\"master-icon-box\" >\n            \n            <div class=\"icon-wrap\"><div class=\"master-icon\"><i class=\"fas fa-check-circle\"><\/i><\/div><\/div>\n            <div class=\"text-wrap\">\n                <h3 class=\"headline-2\">Comunica\u00e7\u00e3o Visual<\/h3><div class=\"desc\">Aplica\u00e7\u00f5es e solu\u00e7\u00f5es para refor\u00e7ar identidade, aumentar visibilidade e manter o padr\u00e3o da marca no espa\u00e7o.<\/div>            <div class=\"url-wrap\">\n                <a class=\"master-link  icon-right\" href=\"https:\/\/arqcreative.com.br\/index.php\/comunicacao-visual\/\">\n                                        <span>Saber mais<\/span>\n                    <span class=\"icon fa fa-arrow-right\"><\/span>                <\/a>\n            <\/div>\n\n                        <\/div>\n        <\/div>\n\n        \t\t\t\t<\/div>\n\t\t\t\t<\/div>\n\t\t\t\t\t<\/div>\n\t\t<\/div>\n\t\t\t\t<div class=\"elementor-column elementor-col-33 elementor-inner-column elementor-element elementor-element-68bfb5a\" data-id=\"68bfb5a\" data-element_type=\"column\" data-e-type=\"column\">\n\t\t\t<div class=\"elementor-widget-wrap elementor-element-populated\">\n\t\t\t\t\t\t<div class=\"elementor-element elementor-element-c2cf9e9 icon-position-left align-left icon-has-bg hover-effect-none elementor-widget elementor-widget-mae-icon-box\" data-id=\"c2cf9e9\" data-element_type=\"widget\" data-e-type=\"widget\" data-widget_type=\"mae-icon-box.default\">\n\t\t\t\t<div class=\"elementor-widget-container\">\n\t\t\t\t\t\n        <div class=\"master-icon-box\" >\n            \n            <div class=\"icon-wrap\"><div class=\"master-icon\"><i class=\"fas fa-check-circle\"><\/i><\/div><\/div>\n            <div class=\"text-wrap\">\n                <h3 class=\"headline-2\">El\u00e9trica e Ilumina\u00e7\u00e3o<\/h3><div class=\"desc\"> Infraestrutura planejada para seguran\u00e7a e destaque, com ilumina\u00e7\u00e3o estrat\u00e9gica para valorizar o projeto.<\/div>            <div class=\"url-wrap\">\n                <a class=\"master-link  icon-right\" href=\"https:\/\/arqcreative.com.br\/index.php\/eletrica-e-iluminacao\/\">\n                                        <span>Saber mais<\/span>\n                    <span class=\"icon fa fa-arrow-right\"><\/span>                <\/a>\n            <\/div>\n\n                        <\/div>\n        <\/div>\n\n        \t\t\t\t<\/div>\n\t\t\t\t<\/div>\n\t\t\t\t\t<\/div>\n\t\t<\/div>\n\t\t\t\t<div class=\"elementor-column elementor-col-33 elementor-inner-column elementor-element elementor-element-8c62c04\" data-id=\"8c62c04\" data-element_type=\"column\" data-e-type=\"column\">\n\t\t\t<div class=\"elementor-widget-wrap elementor-element-populated\">\n\t\t\t\t\t\t<div class=\"elementor-element elementor-element-fc1ceb6 icon-position-left align-left icon-has-bg hover-effect-none elementor-widget elementor-widget-mae-icon-box\" data-id=\"fc1ceb6\" data-element_type=\"widget\" data-e-type=\"widget\" data-widget_type=\"mae-icon-box.default\">\n\t\t\t\t<div class=\"elementor-widget-container\">\n\t\t\t\t\t\n        <div class=\"master-icon-box\" >\n            \n            <div class=\"icon-wrap\"><div class=\"master-icon\"><i class=\"fas fa-check-circle\"><\/i><\/div><\/div>\n            <div class=\"text-wrap\">\n                <h3 class=\"headline-2\">AV \/ LED \/ Interatividade<\/h3><div class=\"desc\"> Recursos sob demanda para atrair p\u00fablico e gerar experi\u00eancia: pain\u00e9is de LED, ativa\u00e7\u00f5es e solu\u00e7\u00f5es especiais.<\/div>            <div class=\"url-wrap\">\n                <a class=\"master-link  icon-right\" href=\"https:\/\/arqcreative.com.br\/index.php\/av-led-interatividade\/\">\n                                        <span>Saber mais<\/span>\n                    <span class=\"icon fa fa-arrow-right\"><\/span>                <\/a>\n            <\/div>\n\n                        <\/div>\n        <\/div>\n\n        \t\t\t\t<\/div>\n\t\t\t\t<\/div>\n\t\t\t\t\t<\/div>\n\t\t<\/div>\n\t\t\t\t\t<\/div>\n\t\t<\/section>\n\t\t\t\t<section class=\"elementor-section elementor-inner-section elementor-element elementor-element-568450b elementor-section-boxed elementor-section-height-default elementor-section-height-default\" data-id=\"568450b\" data-element_type=\"section\" data-e-type=\"section\">\n\t\t\t\t\t\t<div class=\"elementor-container elementor-column-gap-extended\">\n\t\t\t\t\t<div class=\"elementor-column elementor-col-33 elementor-inner-column elementor-element elementor-element-0777b3b\" data-id=\"0777b3b\" data-element_type=\"column\" data-e-type=\"column\">\n\t\t\t<div class=\"elementor-widget-wrap elementor-element-populated\">\n\t\t\t\t\t\t<div class=\"elementor-element elementor-element-5c2162c icon-position-left align-left icon-has-bg hover-effect-none elementor-widget elementor-widget-mae-icon-box\" data-id=\"5c2162c\" data-element_type=\"widget\" data-e-type=\"widget\" data-widget_type=\"mae-icon-box.default\">\n\t\t\t\t<div class=\"elementor-widget-container\">\n\t\t\t\t\t\n        <div class=\"master-icon-box\" >\n            \n            <div class=\"icon-wrap\"><div class=\"master-icon\"><i class=\"fas fa-check-circle\"><\/i><\/div><\/div>\n            <div class=\"text-wrap\">\n                <h3 class=\"headline-2\">Mobili\u00e1rio e Complementos<\/h3><div class=\"desc\"> Composi\u00e7\u00e3o completa do ambiente para receber bem, criar \u00e1reas de reuni\u00e3o e melhorar a experi\u00eancia no stand.<\/div>            <div class=\"url-wrap\">\n                <a class=\"master-link  icon-right\" href=\"https:\/\/arqcreative.com.br\/index.php\/mobiliario-e-complementos\/\">\n                                        <span>Saber mais<\/span>\n                    <span class=\"icon fa fa-arrow-right\"><\/span>                <\/a>\n            <\/div>\n\n                        <\/div>\n        <\/div>\n\n        \t\t\t\t<\/div>\n\t\t\t\t<\/div>\n\t\t\t\t\t<\/div>\n\t\t<\/div>\n\t\t\t\t<div class=\"elementor-column elementor-col-33 elementor-inner-column elementor-element elementor-element-7810784\" data-id=\"7810784\" data-element_type=\"column\" data-e-type=\"column\">\n\t\t\t<div class=\"elementor-widget-wrap elementor-element-populated\">\n\t\t\t\t\t\t<div class=\"elementor-element elementor-element-90c27ed icon-position-left align-left icon-has-bg hover-effect-none elementor-widget elementor-widget-mae-icon-box\" data-id=\"90c27ed\" data-element_type=\"widget\" data-e-type=\"widget\" data-widget_type=\"mae-icon-box.default\">\n\t\t\t\t<div class=\"elementor-widget-container\">\n\t\t\t\t\t\n        <div class=\"master-icon-box\" >\n            \n            <div class=\"icon-wrap\"><div class=\"master-icon\"><i class=\"fas fa-check-circle\"><\/i><\/div><\/div>\n            <div class=\"text-wrap\">\n                <h3 class=\"headline-2\">Servi\u00e7os adicionais (sob consulta)<\/h3><div class=\"desc\"> O que o cliente solicitar, atendemos na medida do poss\u00edvel: staff, limpeza, vigil\u00e2ncia, impressos, buffet e mais.<\/div>            <div class=\"url-wrap\">\n                <a class=\"master-link  icon-right\" href=\"https:\/\/arqcreative.com.br\/index.php\/servicos-adicionais\/\">\n                                        <span>Saber mais<\/span>\n                    <span class=\"icon fa fa-arrow-right\"><\/span>                <\/a>\n            <\/div>\n\n                        <\/div>\n        <\/div>\n\n        \t\t\t\t<\/div>\n\t\t\t\t<\/div>\n\t\t\t\t\t<\/div>\n\t\t<\/div>\n\t\t\t\t<div class=\"elementor-column elementor-col-33 elementor-inner-column elementor-element elementor-element-fc6335b\" data-id=\"fc6335b\" data-element_type=\"column\" data-e-type=\"column\">\n\t\t\t<div class=\"elementor-widget-wrap\">\n\t\t\t\t\t\t\t<\/div>\n\t\t<\/div>\n\t\t\t\t\t<\/div>\n\t\t<\/section>\n\t\t\t\t<div class=\"elementor-element elementor-element-237868a elementor-widget elementor-widget-spacer\" data-id=\"237868a\" data-element_type=\"widget\" data-e-type=\"widget\" data-widget_type=\"spacer.default\">\n\t\t\t\t\t\t\t<div class=\"elementor-spacer\">\n\t\t\t<div class=\"elementor-spacer-inner\"><\/div>\n\t\t<\/div>\n\t\t\t\t\t\t<\/div>\n\t\t\t\t<div class=\"elementor-element elementor-element-fcedb45 elementor-widget elementor-widget-spacer\" data-id=\"fcedb45\" data-element_type=\"widget\" data-e-type=\"widget\" data-widget_type=\"spacer.default\">\n\t\t\t\t\t\t\t<div class=\"elementor-spacer\">\n\t\t\t<div class=\"elementor-spacer-inner\"><\/div>\n\t\t<\/div>\n\t\t\t\t\t\t<\/div>\n\t\t\t\t\t<\/div>\n\t\t<\/div>\n\t\t\t\t\t<\/div>\n\t\t<\/section>\n\t\t\t\t<\/div>\n\t\t","protected":false},"excerpt":{"rendered":"<p>SOLU\u00c7\u00d5ES COMPLETAS PARA FEIRAS E CONGRESSOS Nossos servi\u00e7os para stands, cenografia e experi\u00eancias de marca Do conceito ao stand funcionando, voc\u00ea contrata uma entrega completa e pode adicionar recursos conforme a estrat\u00e9gia do seu evento. Atuamos com projetos e montagens que priorizam circula\u00e7\u00e3o, visibilidade, experi\u00eancia e robustez<\/p>\n","protected":false},"author":1,"featured_media":0,"parent":0,"menu_order":0,"comment_status":"closed","ping_status":"closed","template":"","meta":{"footnotes":""},"class_list":["post-1255","page","type-page","status-publish","hentry"],"_links":{"self":[{"href":"https:\/\/arqcreative.com.br\/index.php\/wp-json\/wp\/v2\/pages\/1255","targetHints":{"allow":["GET"]}}],"collection":[{"href":"https:\/\/arqcreative.com.br\/index.php\/wp-json\/wp\/v2\/pages"}],"about":[{"href":"https:\/\/arqcreative.com.br\/index.php\/wp-json\/wp\/v2\/types\/page"}],"author":[{"embeddable":true,"href":"https:\/\/arqcreative.com.br\/index.php\/wp-json\/wp\/v2\/users\/1"}],"replies":[{"embeddable":true,"href":"https:\/\/arqcreative.com.br\/index.php\/wp-json\/wp\/v2\/comments?post=1255"}],"version-history":[{"count":14,"href":"https:\/\/arqcreative.com.br\/index.php\/wp-json\/wp\/v2\/pages\/1255\/revisions"}],"predecessor-version":[{"id":2531,"href":"https:\/\/arqcreative.com.br\/index.php\/wp-json\/wp\/v2\/pages\/1255\/revisions\/2531"}],"wp:attachment":[{"href":"https:\/\/arqcreative.com.br\/index.php\/wp-json\/wp\/v2\/media?parent=1255"}],"curies":[{"name":"wp","href":"https:\/\/api.w.org\/{rel}","templated":true}]}}