{"id":2161,"date":"2026-02-11T17:27:50","date_gmt":"2026-02-11T17:27:50","guid":{"rendered":"https:\/\/arqcreative.com.br\/?page_id=2161"},"modified":"2026-02-12T20:35:22","modified_gmt":"2026-02-12T20:35:22","slug":"projeto-3d-apresentacao","status":"publish","type":"page","link":"https:\/\/arqcreative.com.br\/index.php\/projeto-3d-apresentacao\/","title":{"rendered":"Projeto 3D + Apresenta\u00e7\u00e3o"},"content":{"rendered":"\t\t<div data-elementor-type=\"wp-page\" data-elementor-id=\"2161\" class=\"elementor elementor-2161\">\n\t\t\t\t\t\t<section class=\"elementor-section elementor-top-section elementor-element elementor-element-247317d elementor-section-stretched elementor-section-full_width elementor-section-height-default elementor-section-height-default\" data-id=\"247317d\" data-element_type=\"section\" data-e-type=\"section\" data-settings=\"{&quot;stretch_section&quot;:&quot;section-stretched&quot;,&quot;background_background&quot;:&quot;classic&quot;}\">\n\t\t\t\t\t\t<div class=\"elementor-container elementor-column-gap-default\">\n\t\t\t\t\t<div class=\"elementor-column elementor-col-100 elementor-top-column elementor-element elementor-element-0d47345\" data-id=\"0d47345\" data-element_type=\"column\" data-e-type=\"column\">\n\t\t\t<div class=\"elementor-widget-wrap elementor-element-populated\">\n\t\t\t\t\t\t<div class=\"elementor-element elementor-element-165d605 elementor-widget elementor-widget-spacer\" data-id=\"165d605\" data-element_type=\"widget\" data-e-type=\"widget\" data-widget_type=\"spacer.default\">\n\t\t\t\t\t\t\t<div class=\"elementor-spacer\">\n\t\t\t<div class=\"elementor-spacer-inner\"><\/div>\n\t\t<\/div>\n\t\t\t\t\t\t<\/div>\n\t\t\t\t<section class=\"elementor-section elementor-inner-section elementor-element elementor-element-e1c0d5b elementor-section-boxed elementor-section-height-default elementor-section-height-default\" data-id=\"e1c0d5b\" data-element_type=\"section\" data-e-type=\"section\">\n\t\t\t\t\t\t<div class=\"elementor-container elementor-column-gap-extended\">\n\t\t\t\t\t<div class=\"elementor-column elementor-col-50 elementor-inner-column elementor-element elementor-element-3d0f7f2\" data-id=\"3d0f7f2\" data-element_type=\"column\" data-e-type=\"column\">\n\t\t\t<div class=\"elementor-widget-wrap elementor-element-populated\">\n\t\t\t\t\t\t<div class=\"elementor-element elementor-element-f35cb5e elementor-widget elementor-widget-mae-fancy-image\" data-id=\"f35cb5e\" data-element_type=\"widget\" data-e-type=\"widget\" data-widget_type=\"mae-fancy-image.default\">\n\t\t\t\t<div class=\"elementor-widget-container\">\n\t\t\t\t\t\n\t\t\t<div class=\"master-fancy-image reveal lr\" data-in-viewport=\"true\">\n\t\t\t\t<figure>\n\t\t\t\t\t<img fetchpriority=\"high\" decoding=\"async\" width=\"570\" height=\"370\" src=\"https:\/\/arqcreative.com.br\/wp-content\/uploads\/2026\/02\/1-1.png\" class=\"attachment-full size-full wp-image-2312\" alt=\"\" srcset=\"https:\/\/arqcreative.com.br\/wp-content\/uploads\/2026\/02\/1-1.png 570w, https:\/\/arqcreative.com.br\/wp-content\/uploads\/2026\/02\/1-1-300x195.png 300w\" sizes=\"(max-width: 570px) 100vw, 570px\" \/>\t\t\t\t<\/figure>\n\n\t\t        \t\t\t<\/div>\n\n\t\t\t\t\t\t<\/div>\n\t\t\t\t<\/div>\n\t\t\t\t\t<\/div>\n\t\t<\/div>\n\t\t\t\t<div class=\"elementor-column elementor-col-50 elementor-inner-column elementor-element elementor-element-4be05f2\" data-id=\"4be05f2\" data-element_type=\"column\" data-e-type=\"column\">\n\t\t\t<div class=\"elementor-widget-wrap elementor-element-populated\">\n\t\t\t\t\t\t<div class=\"elementor-element elementor-element-140b4f7 align-left elementor-widget elementor-widget-mae-headings\" data-id=\"140b4f7\" data-element_type=\"widget\" data-e-type=\"widget\" data-widget_type=\"mae-headings.default\">\n\t\t\t\t<div class=\"elementor-widget-container\">\n\t\t\t\t\t\t\t<div class=\"master-heading\">\n\t        \n\t        \t        <h2 class=\"main-heading\">Projeto 3D + Apresenta\u00e7\u00e3o<\/h2>\n\t        \n\t        \t        <div class=\"divider\"><\/div>\n\t        \n\t        \t            <div class=\"sub-heading\">Transformamos o briefing em uma proposta visual clara, realista e f\u00e1cil de aprovar. O projeto 3D ajuda a enxergar circula\u00e7\u00e3o, visibilidade e posicionamento de marca antes de produzir. Voc\u00ea consegue validar medidas, \u00e1reas de atendimento, exposi\u00e7\u00e3o de produtos e pontos de destaque. Isso reduz riscos, acelera aprova\u00e7\u00e3o interna e alinha expectativas entre cliente, ag\u00eancia e montadora. Tamb\u00e9m consideramos limita\u00e7\u00f5es do pavilh\u00e3o, p\u00e9-direito, recuos e necessidades t\u00e9cnicas do evento. Resultado: um stand planejado com precis\u00e3o e pronto para virar execu\u00e7\u00e3o sem surpresas.<\/div>\n\t        \t    <\/div>\n\t    \t\t\t\t<\/div>\n\t\t\t\t<\/div>\n\t\t\t\t<div class=\"elementor-element elementor-element-8fb6b5b elementor-widget elementor-widget-spacer\" data-id=\"8fb6b5b\" data-element_type=\"widget\" data-e-type=\"widget\" data-widget_type=\"spacer.default\">\n\t\t\t\t\t\t\t<div class=\"elementor-spacer\">\n\t\t\t<div class=\"elementor-spacer-inner\"><\/div>\n\t\t<\/div>\n\t\t\t\t\t\t<\/div>\n\t\t\t\t<div class=\"elementor-element elementor-element-938cee0 align-left elementor-widget elementor-widget-mae-button\" data-id=\"938cee0\" data-element_type=\"widget\" data-e-type=\"widget\" data-widget_type=\"mae-button.default\">\n\t\t\t\t<div class=\"elementor-widget-container\">\n\t\t\t\t\t\n        <a class=\"master-button btn-accent icon-right medium\" href=\"\" >\n                        <span>Solicitar or\u00e7amento<\/span>\n            <span class=\"icon fa fa-arrow-right\"><\/span>        <\/a>\n\n        \t\t\t\t<\/div>\n\t\t\t\t<\/div>\n\t\t\t\t\t<\/div>\n\t\t<\/div>\n\t\t\t\t\t<\/div>\n\t\t<\/section>\n\t\t\t\t<div class=\"elementor-element elementor-element-5c9d3b8 elementor-widget elementor-widget-spacer\" data-id=\"5c9d3b8\" data-element_type=\"widget\" data-e-type=\"widget\" data-widget_type=\"spacer.default\">\n\t\t\t\t\t\t\t<div class=\"elementor-spacer\">\n\t\t\t<div class=\"elementor-spacer-inner\"><\/div>\n\t\t<\/div>\n\t\t\t\t\t\t<\/div>\n\t\t\t\t<div class=\"elementor-element elementor-element-511ba50 elementor-widget elementor-widget-spacer\" data-id=\"511ba50\" data-element_type=\"widget\" data-e-type=\"widget\" data-widget_type=\"spacer.default\">\n\t\t\t\t\t\t\t<div class=\"elementor-spacer\">\n\t\t\t<div class=\"elementor-spacer-inner\"><\/div>\n\t\t<\/div>\n\t\t\t\t\t\t<\/div>\n\t\t\t\t\t<\/div>\n\t\t<\/div>\n\t\t\t\t\t<\/div>\n\t\t<\/section>\n\t\t\t\t<section class=\"elementor-section elementor-top-section elementor-element elementor-element-85beed7 elementor-section-stretched elementor-section-full_width elementor-section-height-default elementor-section-height-default\" data-id=\"85beed7\" data-element_type=\"section\" data-e-type=\"section\" data-settings=\"{&quot;stretch_section&quot;:&quot;section-stretched&quot;,&quot;background_background&quot;:&quot;classic&quot;}\">\n\t\t\t\t\t\t<div class=\"elementor-container elementor-column-gap-default\">\n\t\t\t\t\t<div class=\"elementor-column elementor-col-100 elementor-top-column elementor-element elementor-element-d72e9b7\" data-id=\"d72e9b7\" data-element_type=\"column\" data-e-type=\"column\">\n\t\t\t<div class=\"elementor-widget-wrap elementor-element-populated\">\n\t\t\t\t\t\t<div class=\"elementor-element elementor-element-88b9fc7 elementor-widget elementor-widget-spacer\" data-id=\"88b9fc7\" data-element_type=\"widget\" data-e-type=\"widget\" data-widget_type=\"spacer.default\">\n\t\t\t\t\t\t\t<div class=\"elementor-spacer\">\n\t\t\t<div class=\"elementor-spacer-inner\"><\/div>\n\t\t<\/div>\n\t\t\t\t\t\t<\/div>\n\t\t\t\t<section class=\"elementor-section elementor-inner-section elementor-element elementor-element-ca140a3 elementor-section-content-middle elementor-section-boxed elementor-section-height-default elementor-section-height-default\" data-id=\"ca140a3\" data-element_type=\"section\" data-e-type=\"section\">\n\t\t\t\t\t\t<div class=\"elementor-container elementor-column-gap-extended\">\n\t\t\t\t\t<div class=\"elementor-column elementor-col-50 elementor-inner-column elementor-element elementor-element-039a599\" data-id=\"039a599\" data-element_type=\"column\" data-e-type=\"column\">\n\t\t\t<div class=\"elementor-widget-wrap elementor-element-populated\">\n\t\t\t\t\t\t<div class=\"elementor-element elementor-element-ba323af elementor-widget elementor-widget-mae-fancy-image\" data-id=\"ba323af\" data-element_type=\"widget\" data-e-type=\"widget\" data-widget_type=\"mae-fancy-image.default\">\n\t\t\t\t<div class=\"elementor-widget-container\">\n\t\t\t\t\t\t\t\t<div class=\"master-fancy-image bg-top bg-top\" data-in-viewport=\"true\">\n\t\t\t\t<div class=\"master-fancy-image-inner\">\n\t\t\t\t\t<span class=\"master-fancy-image-bg\"><\/span>\n\n\t\t\t\t\t<div class=\"master-fancy-image-holder\">\n\t\t\t\t\t\t<img decoding=\"async\" width=\"717\" height=\"764\" src=\"https:\/\/arqcreative.com.br\/wp-content\/uploads\/2026\/02\/1-2.png\" class=\"attachment-full size-full wp-image-2313\" alt=\"\" srcset=\"https:\/\/arqcreative.com.br\/wp-content\/uploads\/2026\/02\/1-2.png 717w, https:\/\/arqcreative.com.br\/wp-content\/uploads\/2026\/02\/1-2-282x300.png 282w\" sizes=\"(max-width: 717px) 100vw, 717px\" \/>\n\t\t\t\t        \t\t\t\t\t<\/div>\n\t\t\t\t<\/div>\n\t\t    <\/div>\n\n\t    \t\t\t\t<\/div>\n\t\t\t\t<\/div>\n\t\t\t\t\t<\/div>\n\t\t<\/div>\n\t\t\t\t<div class=\"elementor-column elementor-col-50 elementor-inner-column elementor-element elementor-element-f396b47\" data-id=\"f396b47\" data-element_type=\"column\" data-e-type=\"column\">\n\t\t\t<div class=\"elementor-widget-wrap elementor-element-populated\">\n\t\t\t\t\t\t<div class=\"elementor-element elementor-element-70d3876 align-left elementor-widget elementor-widget-mae-headings\" data-id=\"70d3876\" data-element_type=\"widget\" data-e-type=\"widget\" data-widget_type=\"mae-headings.default\">\n\t\t\t\t<div class=\"elementor-widget-container\">\n\t\t\t\t\t\t\t<div class=\"master-heading\">\n\t        \n\t        \t        <h2 class=\"main-heading\">Cenografia e Constru\u00e7\u00e3o<\/h2>\n\t        \n\t        \n\t        \t    <\/div>\n\t    \t\t\t\t<\/div>\n\t\t\t\t<\/div>\n\t\t\t\t<div class=\"elementor-element elementor-element-7f61ddf elementor-widget elementor-widget-mae-tabs\" data-id=\"7f61ddf\" data-element_type=\"widget\" data-e-type=\"widget\" data-widget_type=\"mae-tabs.default\">\n\t\t\t\t<div class=\"elementor-widget-container\">\n\t\t\t\t\t\n\t\t<div class=\"master-tabs\">\n\t\t\t\t\t\t<ul class=\"tab-link-wrap\">\n\t\t\t\t\t\t\t\t<li class=\"tab-link\" data-tab=\"tab-1184\">Aprova\u00e7\u00e3o sem surpresas<\/li>\n\t\t\t\t\t\t\t\t<li class=\"tab-link\" data-tab=\"tab-2184\">Circula\u00e7\u00e3o bem pensada<\/li>\n\t\t\t\t\t\t\t\t<li class=\"tab-link\" data-tab=\"tab-3184\">Detalhamento para execu\u00e7\u00e3o<\/li>\n\t\t\t\t\t\t\t<\/ul>\n\t\t\t\n\t\t\t<div class=\"tab-content-wrap\">\n\t\t\t\t\t\t\t\t<div id=\"tab-1184\" class=\"tab-content\">\n\t\t\t\t\t<p><span style=\"font-weight: 400;\">\u00a0Apresenta\u00e7\u00e3o visual objetiva para aprovar com confian\u00e7a.<\/span><span style=\"font-weight: 400;\"><br \/><\/span><span style=\"font-weight: 400;\"> Facilita ajustes antes de investir em produ\u00e7\u00e3o e materiais.<\/span><span style=\"font-weight: 400;\"><br \/><\/span><span style=\"font-weight: 400;\"> Ajuda a alinhar expectativas entre times e stakeholders.<\/span><span style=\"font-weight: 400;\"><br \/><\/span><span style=\"font-weight: 400;\"> Reduz mudan\u00e7as de \u00faltima hora que encarecem o projeto.<\/span><span style=\"font-weight: 400;\"><br \/><\/span><span style=\"font-weight: 400;\"> Garante previsibilidade do que ser\u00e1 entregue no evento.<\/span><\/p>\t\t\t\t<\/div>\n\t\t\t\t\t\t\t\t<div id=\"tab-2184\" class=\"tab-content\">\n\t\t\t\t\t<p><span style=\"font-weight: 400;\">Planejamento do fluxo para receber, atender e converter melhor.<\/span><span style=\"font-weight: 400;\"><br \/><\/span><span style=\"font-weight: 400;\"> Posicionamento estrat\u00e9gico de balc\u00f5es, reuni\u00f5es e demonstra\u00e7\u00f5es.<\/span><span style=\"font-weight: 400;\"><br \/><\/span><span style=\"font-weight: 400;\"> Visibilidade de marca sem bloquear acessos ou gerar pontos cegos.<\/span><span style=\"font-weight: 400;\"><br \/><\/span><span style=\"font-weight: 400;\"> Aproveitamento inteligente de cada metro do espa\u00e7o.<\/span><span style=\"font-weight: 400;\"><br \/><\/span><span style=\"font-weight: 400;\"> Experi\u00eancia do visitante mais confort\u00e1vel e funcional.<\/span><\/p>\t\t\t\t<\/div>\n\t\t\t\t\t\t\t\t<div id=\"tab-3184\" class=\"tab-content\">\n\t\t\t\t\t<p><span style=\"font-weight: 400;\">Medidas, volumes e solu\u00e7\u00f5es t\u00e9cnicas pensadas para montar de verdade.<\/span><span style=\"font-weight: 400;\"><br \/><\/span><span style=\"font-weight: 400;\"> Defini\u00e7\u00e3o de materiais e acabamentos coerentes com a proposta.<\/span><span style=\"font-weight: 400;\"><br \/><\/span><span style=\"font-weight: 400;\"> Antecipa\u00e7\u00e3o de necessidades el\u00e9tricas e pontos de equipamento.<\/span><span style=\"font-weight: 400;\"><br \/><\/span><span style=\"font-weight: 400;\"> Compatibilidade com normas e limita\u00e7\u00f5es do pavilh\u00e3o.<\/span><span style=\"font-weight: 400;\"><br \/><\/span><span style=\"font-weight: 400;\"> Base s\u00f3lida para produ\u00e7\u00e3o e cronograma de montagem.<\/span><\/p>\t\t\t\t<\/div>\n\t\t\t\t\t\t\t<\/div>\n\t    <\/div>\n\n\t    \t\t\t\t<\/div>\n\t\t\t\t<\/div>\n\t\t\t\t\t<\/div>\n\t\t<\/div>\n\t\t\t\t\t<\/div>\n\t\t<\/section>\n\t\t\t\t<div class=\"elementor-element elementor-element-f50a1e3 elementor-widget elementor-widget-spacer\" data-id=\"f50a1e3\" data-element_type=\"widget\" data-e-type=\"widget\" data-widget_type=\"spacer.default\">\n\t\t\t\t\t\t\t<div class=\"elementor-spacer\">\n\t\t\t<div class=\"elementor-spacer-inner\"><\/div>\n\t\t<\/div>\n\t\t\t\t\t\t<\/div>\n\t\t\t\t\t<\/div>\n\t\t<\/div>\n\t\t\t\t\t<\/div>\n\t\t<\/section>\n\t\t\t\t<\/div>\n\t\t","protected":false},"excerpt":{"rendered":"<p>Projeto 3D + Apresenta\u00e7\u00e3o Transformamos o briefing em uma proposta visual clara, realista e f\u00e1cil de aprovar. O projeto 3D ajuda a enxergar circula\u00e7\u00e3o, visibilidade e posicionamento de marca antes de produzir. Voc\u00ea consegue validar medidas, \u00e1reas de atendimento, exposi\u00e7\u00e3o de produtos e pontos de destaque. Isso<\/p>\n","protected":false},"author":1,"featured_media":0,"parent":0,"menu_order":0,"comment_status":"closed","ping_status":"closed","template":"","meta":{"footnotes":""},"class_list":["post-2161","page","type-page","status-publish","hentry"],"_links":{"self":[{"href":"https:\/\/arqcreative.com.br\/index.php\/wp-json\/wp\/v2\/pages\/2161","targetHints":{"allow":["GET"]}}],"collection":[{"href":"https:\/\/arqcreative.com.br\/index.php\/wp-json\/wp\/v2\/pages"}],"about":[{"href":"https:\/\/arqcreative.com.br\/index.php\/wp-json\/wp\/v2\/types\/page"}],"author":[{"embeddable":true,"href":"https:\/\/arqcreative.com.br\/index.php\/wp-json\/wp\/v2\/users\/1"}],"replies":[{"embeddable":true,"href":"https:\/\/arqcreative.com.br\/index.php\/wp-json\/wp\/v2\/comments?post=2161"}],"version-history":[{"count":10,"href":"https:\/\/arqcreative.com.br\/index.php\/wp-json\/wp\/v2\/pages\/2161\/revisions"}],"predecessor-version":[{"id":2316,"href":"https:\/\/arqcreative.com.br\/index.php\/wp-json\/wp\/v2\/pages\/2161\/revisions\/2316"}],"wp:attachment":[{"href":"https:\/\/arqcreative.com.br\/index.php\/wp-json\/wp\/v2\/media?parent=2161"}],"curies":[{"name":"wp","href":"https:\/\/api.w.org\/{rel}","templated":true}]}}