{"id":2178,"date":"2026-02-11T17:55:19","date_gmt":"2026-02-11T17:55:19","guid":{"rendered":"https:\/\/arqcreative.com.br\/?page_id=2178"},"modified":"2026-02-12T20:36:01","modified_gmt":"2026-02-12T20:36:01","slug":"montagem-e-desmontagem","status":"publish","type":"page","link":"https:\/\/arqcreative.com.br\/index.php\/montagem-e-desmontagem\/","title":{"rendered":"Montagem e Desmontagem"},"content":{"rendered":"\t\t<div data-elementor-type=\"wp-page\" data-elementor-id=\"2178\" class=\"elementor elementor-2178\">\n\t\t\t\t\t\t<section class=\"elementor-section elementor-top-section elementor-element elementor-element-1613a861 elementor-section-stretched elementor-section-full_width elementor-section-height-default elementor-section-height-default\" data-id=\"1613a861\" data-element_type=\"section\" data-e-type=\"section\" data-settings=\"{&quot;stretch_section&quot;:&quot;section-stretched&quot;,&quot;background_background&quot;:&quot;classic&quot;}\">\n\t\t\t\t\t\t<div class=\"elementor-container elementor-column-gap-default\">\n\t\t\t\t\t<div class=\"elementor-column elementor-col-100 elementor-top-column elementor-element elementor-element-3b745c01\" data-id=\"3b745c01\" data-element_type=\"column\" data-e-type=\"column\">\n\t\t\t<div class=\"elementor-widget-wrap elementor-element-populated\">\n\t\t\t\t\t\t<div class=\"elementor-element elementor-element-1cf4890e elementor-widget elementor-widget-spacer\" data-id=\"1cf4890e\" data-element_type=\"widget\" data-e-type=\"widget\" data-widget_type=\"spacer.default\">\n\t\t\t\t\t\t\t<div class=\"elementor-spacer\">\n\t\t\t<div class=\"elementor-spacer-inner\"><\/div>\n\t\t<\/div>\n\t\t\t\t\t\t<\/div>\n\t\t\t\t<section class=\"elementor-section elementor-inner-section elementor-element elementor-element-e261dd4 elementor-section-boxed elementor-section-height-default elementor-section-height-default\" data-id=\"e261dd4\" data-element_type=\"section\" data-e-type=\"section\">\n\t\t\t\t\t\t<div class=\"elementor-container elementor-column-gap-extended\">\n\t\t\t\t\t<div class=\"elementor-column elementor-col-50 elementor-inner-column elementor-element elementor-element-3a950009\" data-id=\"3a950009\" data-element_type=\"column\" data-e-type=\"column\">\n\t\t\t<div class=\"elementor-widget-wrap elementor-element-populated\">\n\t\t\t\t\t\t<div class=\"elementor-element elementor-element-1f09f62c elementor-widget elementor-widget-mae-fancy-image\" data-id=\"1f09f62c\" data-element_type=\"widget\" data-e-type=\"widget\" data-widget_type=\"mae-fancy-image.default\">\n\t\t\t\t<div class=\"elementor-widget-container\">\n\t\t\t\t\t\n\t\t\t<div class=\"master-fancy-image reveal lr\" data-in-viewport=\"true\">\n\t\t\t\t<figure>\n\t\t\t\t\t<img fetchpriority=\"high\" decoding=\"async\" width=\"570\" height=\"370\" src=\"https:\/\/arqcreative.com.br\/wp-content\/uploads\/2026\/02\/3-1.png\" class=\"attachment-full size-full wp-image-2322\" alt=\"\" srcset=\"https:\/\/arqcreative.com.br\/wp-content\/uploads\/2026\/02\/3-1.png 570w, https:\/\/arqcreative.com.br\/wp-content\/uploads\/2026\/02\/3-1-300x195.png 300w\" sizes=\"(max-width: 570px) 100vw, 570px\" \/>\t\t\t\t<\/figure>\n\n\t\t        \t\t\t<\/div>\n\n\t\t\t\t\t\t<\/div>\n\t\t\t\t<\/div>\n\t\t\t\t\t<\/div>\n\t\t<\/div>\n\t\t\t\t<div class=\"elementor-column elementor-col-50 elementor-inner-column elementor-element elementor-element-5bc84b53\" data-id=\"5bc84b53\" data-element_type=\"column\" data-e-type=\"column\">\n\t\t\t<div class=\"elementor-widget-wrap elementor-element-populated\">\n\t\t\t\t\t\t<div class=\"elementor-element elementor-element-2352af3d align-left elementor-widget elementor-widget-mae-headings\" data-id=\"2352af3d\" data-element_type=\"widget\" data-e-type=\"widget\" data-widget_type=\"mae-headings.default\">\n\t\t\t\t<div class=\"elementor-widget-container\">\n\t\t\t\t\t\t\t<div class=\"master-heading\">\n\t        \n\t        \t        <h2 class=\"main-heading\">Montagem e Desmontagem<\/h2>\n\t        \n\t        \t        <div class=\"divider\"><\/div>\n\t        \n\t        \t            <div class=\"sub-heading\"> Evento n\u00e3o espera: a montagem precisa seguir janela, regras e hor\u00e1rios do pavilh\u00e3o. Nossa equipe atua com planejamento, checklist e rotina de montagem por etapas. Garantimos organiza\u00e7\u00e3o no canteiro, padroniza\u00e7\u00e3o de execu\u00e7\u00e3o e confer\u00eancia final do stand. Tamb\u00e9m acompanhamos ajustes, alinhamentos, limpeza de acabamento e detalhes de \u00faltima hora. Na desmontagem, cuidamos para desmobilizar com agilidade e responsabilidade. Voc\u00ea evita estresse e garante uma entrega pronta para o stand abrir funcionando.<\/div>\n\t        \t    <\/div>\n\t    \t\t\t\t<\/div>\n\t\t\t\t<\/div>\n\t\t\t\t<div class=\"elementor-element elementor-element-4af856f3 elementor-widget elementor-widget-spacer\" data-id=\"4af856f3\" data-element_type=\"widget\" data-e-type=\"widget\" data-widget_type=\"spacer.default\">\n\t\t\t\t\t\t\t<div class=\"elementor-spacer\">\n\t\t\t<div class=\"elementor-spacer-inner\"><\/div>\n\t\t<\/div>\n\t\t\t\t\t\t<\/div>\n\t\t\t\t<div class=\"elementor-element elementor-element-1daa466d align-left elementor-widget elementor-widget-mae-button\" data-id=\"1daa466d\" data-element_type=\"widget\" data-e-type=\"widget\" data-widget_type=\"mae-button.default\">\n\t\t\t\t<div class=\"elementor-widget-container\">\n\t\t\t\t\t\n        <a class=\"master-button btn-accent icon-right medium\" href=\"\" >\n                        <span>Solicitar or\u00e7amento<\/span>\n            <span class=\"icon fa fa-arrow-right\"><\/span>        <\/a>\n\n        \t\t\t\t<\/div>\n\t\t\t\t<\/div>\n\t\t\t\t\t<\/div>\n\t\t<\/div>\n\t\t\t\t\t<\/div>\n\t\t<\/section>\n\t\t\t\t<div class=\"elementor-element elementor-element-d4d7e42 elementor-widget elementor-widget-spacer\" data-id=\"d4d7e42\" data-element_type=\"widget\" data-e-type=\"widget\" data-widget_type=\"spacer.default\">\n\t\t\t\t\t\t\t<div class=\"elementor-spacer\">\n\t\t\t<div class=\"elementor-spacer-inner\"><\/div>\n\t\t<\/div>\n\t\t\t\t\t\t<\/div>\n\t\t\t\t<div class=\"elementor-element elementor-element-65c4c1a7 elementor-widget elementor-widget-spacer\" data-id=\"65c4c1a7\" data-element_type=\"widget\" data-e-type=\"widget\" data-widget_type=\"spacer.default\">\n\t\t\t\t\t\t\t<div class=\"elementor-spacer\">\n\t\t\t<div class=\"elementor-spacer-inner\"><\/div>\n\t\t<\/div>\n\t\t\t\t\t\t<\/div>\n\t\t\t\t\t<\/div>\n\t\t<\/div>\n\t\t\t\t\t<\/div>\n\t\t<\/section>\n\t\t\t\t<section class=\"elementor-section elementor-top-section elementor-element elementor-element-39cc6ce1 elementor-section-stretched elementor-section-full_width elementor-section-height-default elementor-section-height-default\" data-id=\"39cc6ce1\" data-element_type=\"section\" data-e-type=\"section\" data-settings=\"{&quot;stretch_section&quot;:&quot;section-stretched&quot;,&quot;background_background&quot;:&quot;classic&quot;}\">\n\t\t\t\t\t\t<div class=\"elementor-container elementor-column-gap-default\">\n\t\t\t\t\t<div class=\"elementor-column elementor-col-100 elementor-top-column elementor-element elementor-element-291fa8ac\" data-id=\"291fa8ac\" data-element_type=\"column\" data-e-type=\"column\">\n\t\t\t<div class=\"elementor-widget-wrap elementor-element-populated\">\n\t\t\t\t\t\t<div class=\"elementor-element elementor-element-623646d3 elementor-widget elementor-widget-spacer\" data-id=\"623646d3\" data-element_type=\"widget\" data-e-type=\"widget\" data-widget_type=\"spacer.default\">\n\t\t\t\t\t\t\t<div class=\"elementor-spacer\">\n\t\t\t<div class=\"elementor-spacer-inner\"><\/div>\n\t\t<\/div>\n\t\t\t\t\t\t<\/div>\n\t\t\t\t<section class=\"elementor-section elementor-inner-section elementor-element elementor-element-6676710a elementor-section-content-middle elementor-section-boxed elementor-section-height-default elementor-section-height-default\" data-id=\"6676710a\" data-element_type=\"section\" data-e-type=\"section\">\n\t\t\t\t\t\t<div class=\"elementor-container elementor-column-gap-extended\">\n\t\t\t\t\t<div class=\"elementor-column elementor-col-50 elementor-inner-column elementor-element elementor-element-26fd3999\" data-id=\"26fd3999\" data-element_type=\"column\" data-e-type=\"column\">\n\t\t\t<div class=\"elementor-widget-wrap elementor-element-populated\">\n\t\t\t\t\t\t<div class=\"elementor-element elementor-element-252b5bac elementor-widget elementor-widget-mae-fancy-image\" data-id=\"252b5bac\" data-element_type=\"widget\" data-e-type=\"widget\" data-widget_type=\"mae-fancy-image.default\">\n\t\t\t\t<div class=\"elementor-widget-container\">\n\t\t\t\t\t\t\t\t<div class=\"master-fancy-image bg-top bg-top\" data-in-viewport=\"true\">\n\t\t\t\t<div class=\"master-fancy-image-inner\">\n\t\t\t\t\t<span class=\"master-fancy-image-bg\"><\/span>\n\n\t\t\t\t\t<div class=\"master-fancy-image-holder\">\n\t\t\t\t\t\t<img decoding=\"async\" width=\"717\" height=\"764\" src=\"https:\/\/arqcreative.com.br\/wp-content\/uploads\/2026\/02\/3-2.png\" class=\"attachment-full size-full wp-image-2323\" alt=\"\" srcset=\"https:\/\/arqcreative.com.br\/wp-content\/uploads\/2026\/02\/3-2.png 717w, https:\/\/arqcreative.com.br\/wp-content\/uploads\/2026\/02\/3-2-282x300.png 282w\" sizes=\"(max-width: 717px) 100vw, 717px\" \/>\n\t\t\t\t        \t\t\t\t\t<\/div>\n\t\t\t\t<\/div>\n\t\t    <\/div>\n\n\t    \t\t\t\t<\/div>\n\t\t\t\t<\/div>\n\t\t\t\t\t<\/div>\n\t\t<\/div>\n\t\t\t\t<div class=\"elementor-column elementor-col-50 elementor-inner-column elementor-element elementor-element-51f5ba3d\" data-id=\"51f5ba3d\" data-element_type=\"column\" data-e-type=\"column\">\n\t\t\t<div class=\"elementor-widget-wrap elementor-element-populated\">\n\t\t\t\t\t\t<div class=\"elementor-element elementor-element-7f4a489b align-left elementor-widget elementor-widget-mae-headings\" data-id=\"7f4a489b\" data-element_type=\"widget\" data-e-type=\"widget\" data-widget_type=\"mae-headings.default\">\n\t\t\t\t<div class=\"elementor-widget-container\">\n\t\t\t\t\t\t\t<div class=\"master-heading\">\n\t        \n\t        \t        <h2 class=\"main-heading\"> Menos improviso na montagem, mais tranquilidade no dia do evento.<\/h2>\n\t        \n\t        \n\t        \t    <\/div>\n\t    \t\t\t\t<\/div>\n\t\t\t\t<\/div>\n\t\t\t\t<div class=\"elementor-element elementor-element-1b1a682a elementor-widget elementor-widget-mae-tabs\" data-id=\"1b1a682a\" data-element_type=\"widget\" data-e-type=\"widget\" data-widget_type=\"mae-tabs.default\">\n\t\t\t\t<div class=\"elementor-widget-container\">\n\t\t\t\t\t\n\t\t<div class=\"master-tabs\">\n\t\t\t\t\t\t<ul class=\"tab-link-wrap\">\n\t\t\t\t\t\t\t\t<li class=\"tab-link\" data-tab=\"tab-1609\">Cronograma com controle<\/li>\n\t\t\t\t\t\t\t\t<li class=\"tab-link\" data-tab=\"tab-2609\">Equipe no padr\u00e3o<\/li>\n\t\t\t\t\t\t\t\t<li class=\"tab-link\" data-tab=\"tab-3609\">Desmontagem eficiente segura<\/li>\n\t\t\t\t\t\t\t<\/ul>\n\t\t\t\n\t\t\t<div class=\"tab-content-wrap\">\n\t\t\t\t\t\t\t\t<div id=\"tab-1609\" class=\"tab-content\">\n\t\t\t\t\t<p><span style=\"font-weight: 400;\">\u00a0Equipe alinhada ao hor\u00e1rio do pavilh\u00e3o e ao plano de montagem.<\/span><span style=\"font-weight: 400;\"><br \/><\/span><span style=\"font-weight: 400;\"> Atividades distribu\u00eddas por etapas para ganhar efici\u00eancia.<\/span><span style=\"font-weight: 400;\"><br \/><\/span><span style=\"font-weight: 400;\"> Menos atrasos por falta de sequ\u00eancia ou organiza\u00e7\u00e3o.<\/span><span style=\"font-weight: 400;\"><br \/><\/span><span style=\"font-weight: 400;\"> Acompanhamento de ajustes at\u00e9 a finaliza\u00e7\u00e3o completa.<\/span><span style=\"font-weight: 400;\"><br \/><\/span><span style=\"font-weight: 400;\"> Entrega pronta para operar no hor\u00e1rio correto.<\/span><\/p>\t\t\t\t<\/div>\n\t\t\t\t\t\t\t\t<div id=\"tab-2609\" class=\"tab-content\">\n\t\t\t\t\t<p><span style=\"font-weight: 400;\">\u00a0Profissionais treinados para rotina real de feiras e congressos.<\/span><span style=\"font-weight: 400;\"><br \/><\/span><span style=\"font-weight: 400;\"> Aten\u00e7\u00e3o a detalhes de acabamento e alinhamento visual.<\/span><span style=\"font-weight: 400;\"><br \/><\/span><span style=\"font-weight: 400;\"> Postura profissional e comunica\u00e7\u00e3o objetiva durante a opera\u00e7\u00e3o.<\/span><span style=\"font-weight: 400;\"><br \/><\/span><span style=\"font-weight: 400;\"> Capacidade de resolver ajustes sem comprometer o cronograma.<\/span><span style=\"font-weight: 400;\"><br \/><\/span><span style=\"font-weight: 400;\"> Foco em seguran\u00e7a e execu\u00e7\u00e3o consistente.<\/span><\/p>\t\t\t\t<\/div>\n\t\t\t\t\t\t\t\t<div id=\"tab-3609\" class=\"tab-content\">\n\t\t\t\t\t<p><span style=\"font-weight: 400;\">Desmobiliza\u00e7\u00e3o r\u00e1pida e cuidadosa ap\u00f3s o encerramento.<\/span><span style=\"font-weight: 400;\"><br \/><\/span><span style=\"font-weight: 400;\"> Organiza\u00e7\u00e3o para reduzir perdas e danos em materiais.<\/span><span style=\"font-weight: 400;\"><br \/><\/span><span style=\"font-weight: 400;\"> Remo\u00e7\u00e3o conforme regras e hor\u00e1rios do pavilh\u00e3o.<\/span><span style=\"font-weight: 400;\"><br \/><\/span><span style=\"font-weight: 400;\"> Separa\u00e7\u00e3o do que ser\u00e1 reaproveitado e do que ser\u00e1 descartado.<\/span><span style=\"font-weight: 400;\"><br \/><\/span><span style=\"font-weight: 400;\"> Finaliza\u00e7\u00e3o limpa e sem pend\u00eancias operacionais.<\/span><\/p>\t\t\t\t<\/div>\n\t\t\t\t\t\t\t<\/div>\n\t    <\/div>\n\n\t    \t\t\t\t<\/div>\n\t\t\t\t<\/div>\n\t\t\t\t\t<\/div>\n\t\t<\/div>\n\t\t\t\t\t<\/div>\n\t\t<\/section>\n\t\t\t\t<div class=\"elementor-element elementor-element-3906e273 elementor-widget elementor-widget-spacer\" data-id=\"3906e273\" data-element_type=\"widget\" data-e-type=\"widget\" data-widget_type=\"spacer.default\">\n\t\t\t\t\t\t\t<div class=\"elementor-spacer\">\n\t\t\t<div class=\"elementor-spacer-inner\"><\/div>\n\t\t<\/div>\n\t\t\t\t\t\t<\/div>\n\t\t\t\t\t<\/div>\n\t\t<\/div>\n\t\t\t\t\t<\/div>\n\t\t<\/section>\n\t\t\t\t<\/div>\n\t\t","protected":false},"excerpt":{"rendered":"<p>Montagem e Desmontagem Evento n\u00e3o espera: a montagem precisa seguir janela, regras e hor\u00e1rios do pavilh\u00e3o. Nossa equipe atua com planejamento, checklist e rotina de montagem por etapas. Garantimos organiza\u00e7\u00e3o no canteiro, padroniza\u00e7\u00e3o de execu\u00e7\u00e3o e confer\u00eancia final do stand. Tamb\u00e9m acompanhamos ajustes, alinhamentos, limpeza de acabamento<\/p>\n","protected":false},"author":1,"featured_media":0,"parent":0,"menu_order":0,"comment_status":"closed","ping_status":"closed","template":"","meta":{"footnotes":""},"class_list":["post-2178","page","type-page","status-publish","hentry"],"_links":{"self":[{"href":"https:\/\/arqcreative.com.br\/index.php\/wp-json\/wp\/v2\/pages\/2178","targetHints":{"allow":["GET"]}}],"collection":[{"href":"https:\/\/arqcreative.com.br\/index.php\/wp-json\/wp\/v2\/pages"}],"about":[{"href":"https:\/\/arqcreative.com.br\/index.php\/wp-json\/wp\/v2\/types\/page"}],"author":[{"embeddable":true,"href":"https:\/\/arqcreative.com.br\/index.php\/wp-json\/wp\/v2\/users\/1"}],"replies":[{"embeddable":true,"href":"https:\/\/arqcreative.com.br\/index.php\/wp-json\/wp\/v2\/comments?post=2178"}],"version-history":[{"count":7,"href":"https:\/\/arqcreative.com.br\/index.php\/wp-json\/wp\/v2\/pages\/2178\/revisions"}],"predecessor-version":[{"id":2326,"href":"https:\/\/arqcreative.com.br\/index.php\/wp-json\/wp\/v2\/pages\/2178\/revisions\/2326"}],"wp:attachment":[{"href":"https:\/\/arqcreative.com.br\/index.php\/wp-json\/wp\/v2\/media?parent=2178"}],"curies":[{"name":"wp","href":"https:\/\/api.w.org\/{rel}","templated":true}]}}