{"id":2190,"date":"2026-02-11T17:59:15","date_gmt":"2026-02-11T17:59:15","guid":{"rendered":"https:\/\/arqcreative.com.br\/?page_id=2190"},"modified":"2026-02-12T20:36:42","modified_gmt":"2026-02-12T20:36:42","slug":"eletrica-e-iluminacao","status":"publish","type":"page","link":"https:\/\/arqcreative.com.br\/index.php\/eletrica-e-iluminacao\/","title":{"rendered":"El\u00e9trica e Ilumina\u00e7\u00e3o"},"content":{"rendered":"\t\t<div data-elementor-type=\"wp-page\" data-elementor-id=\"2190\" class=\"elementor elementor-2190\">\n\t\t\t\t\t\t<section class=\"elementor-section elementor-top-section elementor-element elementor-element-59887f86 elementor-section-stretched elementor-section-full_width elementor-section-height-default elementor-section-height-default\" data-id=\"59887f86\" data-element_type=\"section\" data-e-type=\"section\" data-settings=\"{&quot;stretch_section&quot;:&quot;section-stretched&quot;,&quot;background_background&quot;:&quot;classic&quot;}\">\n\t\t\t\t\t\t<div class=\"elementor-container elementor-column-gap-default\">\n\t\t\t\t\t<div class=\"elementor-column elementor-col-100 elementor-top-column elementor-element elementor-element-7df70edb\" data-id=\"7df70edb\" data-element_type=\"column\" data-e-type=\"column\">\n\t\t\t<div class=\"elementor-widget-wrap elementor-element-populated\">\n\t\t\t\t\t\t<div class=\"elementor-element elementor-element-778cd1cd elementor-widget elementor-widget-spacer\" data-id=\"778cd1cd\" data-element_type=\"widget\" data-e-type=\"widget\" data-widget_type=\"spacer.default\">\n\t\t\t\t\t\t\t<div class=\"elementor-spacer\">\n\t\t\t<div class=\"elementor-spacer-inner\"><\/div>\n\t\t<\/div>\n\t\t\t\t\t\t<\/div>\n\t\t\t\t<section class=\"elementor-section elementor-inner-section elementor-element elementor-element-520e295 elementor-section-boxed elementor-section-height-default elementor-section-height-default\" data-id=\"520e295\" data-element_type=\"section\" data-e-type=\"section\">\n\t\t\t\t\t\t<div class=\"elementor-container elementor-column-gap-extended\">\n\t\t\t\t\t<div class=\"elementor-column elementor-col-50 elementor-inner-column elementor-element elementor-element-4357224a\" data-id=\"4357224a\" data-element_type=\"column\" data-e-type=\"column\">\n\t\t\t<div class=\"elementor-widget-wrap elementor-element-populated\">\n\t\t\t\t\t\t<div class=\"elementor-element elementor-element-860c4a5 elementor-widget elementor-widget-mae-fancy-image\" data-id=\"860c4a5\" data-element_type=\"widget\" data-e-type=\"widget\" data-widget_type=\"mae-fancy-image.default\">\n\t\t\t\t<div class=\"elementor-widget-container\">\n\t\t\t\t\t\n\t\t\t<div class=\"master-fancy-image reveal lr\" data-in-viewport=\"true\">\n\t\t\t\t<figure>\n\t\t\t\t\t<img fetchpriority=\"high\" decoding=\"async\" width=\"570\" height=\"370\" src=\"https:\/\/arqcreative.com.br\/wp-content\/uploads\/2026\/02\/5.png\" class=\"attachment-full size-full wp-image-2332\" alt=\"\" srcset=\"https:\/\/arqcreative.com.br\/wp-content\/uploads\/2026\/02\/5.png 570w, https:\/\/arqcreative.com.br\/wp-content\/uploads\/2026\/02\/5-300x195.png 300w\" sizes=\"(max-width: 570px) 100vw, 570px\" \/>\t\t\t\t<\/figure>\n\n\t\t        \t\t\t<\/div>\n\n\t\t\t\t\t\t<\/div>\n\t\t\t\t<\/div>\n\t\t\t\t\t<\/div>\n\t\t<\/div>\n\t\t\t\t<div class=\"elementor-column elementor-col-50 elementor-inner-column elementor-element elementor-element-7df1bf76\" data-id=\"7df1bf76\" data-element_type=\"column\" data-e-type=\"column\">\n\t\t\t<div class=\"elementor-widget-wrap elementor-element-populated\">\n\t\t\t\t\t\t<div class=\"elementor-element elementor-element-6e975841 align-left elementor-widget elementor-widget-mae-headings\" data-id=\"6e975841\" data-element_type=\"widget\" data-e-type=\"widget\" data-widget_type=\"mae-headings.default\">\n\t\t\t\t<div class=\"elementor-widget-container\">\n\t\t\t\t\t\t\t<div class=\"master-heading\">\n\t        \n\t        \t        <h2 class=\"main-heading\">El\u00e9trica e Ilumina\u00e7\u00e3o<\/h2>\n\t        \n\t        \t        <div class=\"divider\"><\/div>\n\t        \n\t        \t            <div class=\"sub-heading\"> A infraestrutura el\u00e9trica precisa ser segura, est\u00e1vel e pensada para o layout do projeto. Cuidamos de distribui\u00e7\u00e3o de pontos, passagens discretas e organiza\u00e7\u00e3o t\u00e9cnica do stand. A ilumina\u00e7\u00e3o \u00e9 estrat\u00e9gica: valoriza a marca, destaca produtos e cria atmosfera de experi\u00eancia. Trabalhamos com foco em funcionalidade, conforto visual e resultado est\u00e9tico. Tudo \u00e9 dimensionado conforme necessidades do evento e equipamentos previstos. Voc\u00ea ganha um stand bonito, eficiente e pronto para operar sem riscos.<\/div>\n\t        \t    <\/div>\n\t    \t\t\t\t<\/div>\n\t\t\t\t<\/div>\n\t\t\t\t<div class=\"elementor-element elementor-element-23e9cc1e elementor-widget elementor-widget-spacer\" data-id=\"23e9cc1e\" data-element_type=\"widget\" data-e-type=\"widget\" data-widget_type=\"spacer.default\">\n\t\t\t\t\t\t\t<div class=\"elementor-spacer\">\n\t\t\t<div class=\"elementor-spacer-inner\"><\/div>\n\t\t<\/div>\n\t\t\t\t\t\t<\/div>\n\t\t\t\t<div class=\"elementor-element elementor-element-1cda00df align-left elementor-widget elementor-widget-mae-button\" data-id=\"1cda00df\" data-element_type=\"widget\" data-e-type=\"widget\" data-widget_type=\"mae-button.default\">\n\t\t\t\t<div class=\"elementor-widget-container\">\n\t\t\t\t\t\n        <a class=\"master-button btn-accent icon-right medium\" href=\"\" >\n                        <span>Solicitar or\u00e7amento<\/span>\n            <span class=\"icon fa fa-arrow-right\"><\/span>        <\/a>\n\n        \t\t\t\t<\/div>\n\t\t\t\t<\/div>\n\t\t\t\t\t<\/div>\n\t\t<\/div>\n\t\t\t\t\t<\/div>\n\t\t<\/section>\n\t\t\t\t<div class=\"elementor-element elementor-element-78f6a2d9 elementor-widget elementor-widget-spacer\" data-id=\"78f6a2d9\" data-element_type=\"widget\" data-e-type=\"widget\" data-widget_type=\"spacer.default\">\n\t\t\t\t\t\t\t<div class=\"elementor-spacer\">\n\t\t\t<div class=\"elementor-spacer-inner\"><\/div>\n\t\t<\/div>\n\t\t\t\t\t\t<\/div>\n\t\t\t\t<div class=\"elementor-element elementor-element-5c63009b elementor-widget elementor-widget-spacer\" data-id=\"5c63009b\" data-element_type=\"widget\" data-e-type=\"widget\" data-widget_type=\"spacer.default\">\n\t\t\t\t\t\t\t<div class=\"elementor-spacer\">\n\t\t\t<div class=\"elementor-spacer-inner\"><\/div>\n\t\t<\/div>\n\t\t\t\t\t\t<\/div>\n\t\t\t\t\t<\/div>\n\t\t<\/div>\n\t\t\t\t\t<\/div>\n\t\t<\/section>\n\t\t\t\t<section class=\"elementor-section elementor-top-section elementor-element elementor-element-71d70966 elementor-section-stretched elementor-section-full_width elementor-section-height-default elementor-section-height-default\" data-id=\"71d70966\" data-element_type=\"section\" data-e-type=\"section\" data-settings=\"{&quot;stretch_section&quot;:&quot;section-stretched&quot;,&quot;background_background&quot;:&quot;classic&quot;}\">\n\t\t\t\t\t\t<div class=\"elementor-container elementor-column-gap-default\">\n\t\t\t\t\t<div class=\"elementor-column elementor-col-100 elementor-top-column elementor-element elementor-element-430ea4f2\" data-id=\"430ea4f2\" data-element_type=\"column\" data-e-type=\"column\">\n\t\t\t<div class=\"elementor-widget-wrap elementor-element-populated\">\n\t\t\t\t\t\t<div class=\"elementor-element elementor-element-522c1b43 elementor-widget elementor-widget-spacer\" data-id=\"522c1b43\" data-element_type=\"widget\" data-e-type=\"widget\" data-widget_type=\"spacer.default\">\n\t\t\t\t\t\t\t<div class=\"elementor-spacer\">\n\t\t\t<div class=\"elementor-spacer-inner\"><\/div>\n\t\t<\/div>\n\t\t\t\t\t\t<\/div>\n\t\t\t\t<section class=\"elementor-section elementor-inner-section elementor-element elementor-element-6051c165 elementor-section-content-middle elementor-section-boxed elementor-section-height-default elementor-section-height-default\" data-id=\"6051c165\" data-element_type=\"section\" data-e-type=\"section\">\n\t\t\t\t\t\t<div class=\"elementor-container elementor-column-gap-extended\">\n\t\t\t\t\t<div class=\"elementor-column elementor-col-50 elementor-inner-column elementor-element elementor-element-7f46a858\" data-id=\"7f46a858\" data-element_type=\"column\" data-e-type=\"column\">\n\t\t\t<div class=\"elementor-widget-wrap elementor-element-populated\">\n\t\t\t\t\t\t<div class=\"elementor-element elementor-element-3d5d80e0 elementor-widget elementor-widget-mae-fancy-image\" data-id=\"3d5d80e0\" data-element_type=\"widget\" data-e-type=\"widget\" data-widget_type=\"mae-fancy-image.default\">\n\t\t\t\t<div class=\"elementor-widget-container\">\n\t\t\t\t\t\t\t\t<div class=\"master-fancy-image bg-top bg-top\" data-in-viewport=\"true\">\n\t\t\t\t<div class=\"master-fancy-image-inner\">\n\t\t\t\t\t<span class=\"master-fancy-image-bg\"><\/span>\n\n\t\t\t\t\t<div class=\"master-fancy-image-holder\">\n\t\t\t\t\t\t<img decoding=\"async\" width=\"717\" height=\"764\" src=\"https:\/\/arqcreative.com.br\/wp-content\/uploads\/2026\/02\/5-1.png\" class=\"attachment-full size-full wp-image-2333\" alt=\"\" srcset=\"https:\/\/arqcreative.com.br\/wp-content\/uploads\/2026\/02\/5-1.png 717w, https:\/\/arqcreative.com.br\/wp-content\/uploads\/2026\/02\/5-1-282x300.png 282w\" sizes=\"(max-width: 717px) 100vw, 717px\" \/>\n\t\t\t\t        \t\t\t\t\t<\/div>\n\t\t\t\t<\/div>\n\t\t    <\/div>\n\n\t    \t\t\t\t<\/div>\n\t\t\t\t<\/div>\n\t\t\t\t\t<\/div>\n\t\t<\/div>\n\t\t\t\t<div class=\"elementor-column elementor-col-50 elementor-inner-column elementor-element elementor-element-140d1e16\" data-id=\"140d1e16\" data-element_type=\"column\" data-e-type=\"column\">\n\t\t\t<div class=\"elementor-widget-wrap elementor-element-populated\">\n\t\t\t\t\t\t<div class=\"elementor-element elementor-element-d858c48 align-left elementor-widget elementor-widget-mae-headings\" data-id=\"d858c48\" data-element_type=\"widget\" data-e-type=\"widget\" data-widget_type=\"mae-headings.default\">\n\t\t\t\t<div class=\"elementor-widget-container\">\n\t\t\t\t\t\t\t<div class=\"master-heading\">\n\t        \n\t        \t        <h2 class=\"main-heading\"> Mais destaque no projeto, menos problema na opera\u00e7\u00e3o.<\/h2>\n\t        \n\t        \n\t        \t    <\/div>\n\t    \t\t\t\t<\/div>\n\t\t\t\t<\/div>\n\t\t\t\t<div class=\"elementor-element elementor-element-54071822 elementor-widget elementor-widget-mae-tabs\" data-id=\"54071822\" data-element_type=\"widget\" data-e-type=\"widget\" data-widget_type=\"mae-tabs.default\">\n\t\t\t\t<div class=\"elementor-widget-container\">\n\t\t\t\t\t\n\t\t<div class=\"master-tabs\">\n\t\t\t\t\t\t<ul class=\"tab-link-wrap\">\n\t\t\t\t\t\t\t\t<li class=\"tab-link\" data-tab=\"tab-1398\">Infraestrutura<\/li>\n\t\t\t\t\t\t\t\t<li class=\"tab-link\" data-tab=\"tab-2398\">Ilumina\u00e7\u00e3o com prop\u00f3sito<\/li>\n\t\t\t\t\t\t\t\t<li class=\"tab-link\" data-tab=\"tab-3398\">Seguran\u00e7a como padr\u00e3o<\/li>\n\t\t\t\t\t\t\t<\/ul>\n\t\t\t\n\t\t\t<div class=\"tab-content-wrap\">\n\t\t\t\t\t\t\t\t<div id=\"tab-1398\" class=\"tab-content\">\n\t\t\t\t\t<p><span style=\"font-weight: 400;\">\u00a0Pontos el\u00e9tricos definidos conforme layout e uso do espa\u00e7o.<\/span><span style=\"font-weight: 400;\"><br \/><\/span><span style=\"font-weight: 400;\"> Organiza\u00e7\u00e3o de cabos e passagens para evitar improviso.<\/span><span style=\"font-weight: 400;\"><br \/><\/span><span style=\"font-weight: 400;\"> Prepara\u00e7\u00e3o para equipamentos, balc\u00f5es e \u00e1reas de reuni\u00e3o.<\/span><span style=\"font-weight: 400;\"><br \/><\/span><span style=\"font-weight: 400;\"> Planejamento para reduzir riscos e falhas durante o evento.<\/span><span style=\"font-weight: 400;\"><br \/><\/span><span style=\"font-weight: 400;\"> Opera\u00e7\u00e3o mais est\u00e1vel do in\u00edcio ao fim.<\/span><\/p>\t\t\t\t<\/div>\n\t\t\t\t\t\t\t\t<div id=\"tab-2398\" class=\"tab-content\">\n\t\t\t\t\t<p><span style=\"font-weight: 400;\">\u00a0Luz planejada para destacar marcas, produtos e \u00e1reas importantes.<\/span><span style=\"font-weight: 400;\"><br \/><\/span><span style=\"font-weight: 400;\"> Cria\u00e7\u00e3o de ambientes mais aconchegantes e profissionais.<\/span><span style=\"font-weight: 400;\"><br \/><\/span><span style=\"font-weight: 400;\"> Redu\u00e7\u00e3o de sombras, contrastes ruins e pontos escuros.<\/span><span style=\"font-weight: 400;\"><br \/><\/span><span style=\"font-weight: 400;\"> Valoriza\u00e7\u00e3o do acabamento e da cenografia no espa\u00e7o.<\/span><span style=\"font-weight: 400;\"><br \/><\/span><span style=\"font-weight: 400;\"> Mais impacto visual com eleg\u00e2ncia.<\/span><\/p>\t\t\t\t<\/div>\n\t\t\t\t\t\t\t\t<div id=\"tab-3398\" class=\"tab-content\">\n\t\t\t\t\t<p><span style=\"font-weight: 400;\">\u00a0Execu\u00e7\u00e3o t\u00e9cnica com organiza\u00e7\u00e3o e confer\u00eancia final do sistema.<\/span><span style=\"font-weight: 400;\"><br \/><\/span><span style=\"font-weight: 400;\"> Componentes adequados para uso em eventos e montagem r\u00e1pida.<\/span><span style=\"font-weight: 400;\"><br \/><\/span><span style=\"font-weight: 400;\"> Controle para evitar sobrecargas e problemas de funcionamento.<\/span><span style=\"font-weight: 400;\"><br \/><\/span><span style=\"font-weight: 400;\"> Padr\u00e3o de instala\u00e7\u00e3o pensado para circula\u00e7\u00e3o e p\u00fablico.<\/span><span style=\"font-weight: 400;\"><br \/><\/span><span style=\"font-weight: 400;\"> Entrega confi\u00e1vel para o stand abrir funcionando.<\/span><\/p>\t\t\t\t<\/div>\n\t\t\t\t\t\t\t<\/div>\n\t    <\/div>\n\n\t    \t\t\t\t<\/div>\n\t\t\t\t<\/div>\n\t\t\t\t\t<\/div>\n\t\t<\/div>\n\t\t\t\t\t<\/div>\n\t\t<\/section>\n\t\t\t\t<div class=\"elementor-element elementor-element-59a5c33a elementor-widget elementor-widget-spacer\" data-id=\"59a5c33a\" data-element_type=\"widget\" data-e-type=\"widget\" data-widget_type=\"spacer.default\">\n\t\t\t\t\t\t\t<div class=\"elementor-spacer\">\n\t\t\t<div class=\"elementor-spacer-inner\"><\/div>\n\t\t<\/div>\n\t\t\t\t\t\t<\/div>\n\t\t\t\t\t<\/div>\n\t\t<\/div>\n\t\t\t\t\t<\/div>\n\t\t<\/section>\n\t\t\t\t<\/div>\n\t\t","protected":false},"excerpt":{"rendered":"<p>El\u00e9trica e Ilumina\u00e7\u00e3o A infraestrutura el\u00e9trica precisa ser segura, est\u00e1vel e pensada para o layout do projeto. Cuidamos de distribui\u00e7\u00e3o de pontos, passagens discretas e organiza\u00e7\u00e3o t\u00e9cnica do stand. A ilumina\u00e7\u00e3o \u00e9 estrat\u00e9gica: valoriza a marca, destaca produtos e cria atmosfera de experi\u00eancia. Trabalhamos com foco em<\/p>\n","protected":false},"author":1,"featured_media":0,"parent":0,"menu_order":0,"comment_status":"closed","ping_status":"closed","template":"","meta":{"footnotes":""},"class_list":["post-2190","page","type-page","status-publish","hentry"],"_links":{"self":[{"href":"https:\/\/arqcreative.com.br\/index.php\/wp-json\/wp\/v2\/pages\/2190","targetHints":{"allow":["GET"]}}],"collection":[{"href":"https:\/\/arqcreative.com.br\/index.php\/wp-json\/wp\/v2\/pages"}],"about":[{"href":"https:\/\/arqcreative.com.br\/index.php\/wp-json\/wp\/v2\/types\/page"}],"author":[{"embeddable":true,"href":"https:\/\/arqcreative.com.br\/index.php\/wp-json\/wp\/v2\/users\/1"}],"replies":[{"embeddable":true,"href":"https:\/\/arqcreative.com.br\/index.php\/wp-json\/wp\/v2\/comments?post=2190"}],"version-history":[{"count":7,"href":"https:\/\/arqcreative.com.br\/index.php\/wp-json\/wp\/v2\/pages\/2190\/revisions"}],"predecessor-version":[{"id":2336,"href":"https:\/\/arqcreative.com.br\/index.php\/wp-json\/wp\/v2\/pages\/2190\/revisions\/2336"}],"wp:attachment":[{"href":"https:\/\/arqcreative.com.br\/index.php\/wp-json\/wp\/v2\/media?parent=2190"}],"curies":[{"name":"wp","href":"https:\/\/api.w.org\/{rel}","templated":true}]}}