{"id":2208,"date":"2026-02-11T18:05:02","date_gmt":"2026-02-11T18:05:02","guid":{"rendered":"https:\/\/arqcreative.com.br\/?page_id=2208"},"modified":"2026-02-12T20:37:36","modified_gmt":"2026-02-12T20:37:36","slug":"servicos-adicionais","status":"publish","type":"page","link":"https:\/\/arqcreative.com.br\/index.php\/servicos-adicionais\/","title":{"rendered":"Servi\u00e7os adicionais"},"content":{"rendered":"\t\t<div data-elementor-type=\"wp-page\" data-elementor-id=\"2208\" class=\"elementor elementor-2208\">\n\t\t\t\t\t\t<section class=\"elementor-section elementor-top-section elementor-element elementor-element-16ae6e94 elementor-section-stretched elementor-section-full_width elementor-section-height-default elementor-section-height-default\" data-id=\"16ae6e94\" data-element_type=\"section\" data-e-type=\"section\" data-settings=\"{&quot;stretch_section&quot;:&quot;section-stretched&quot;,&quot;background_background&quot;:&quot;classic&quot;}\">\n\t\t\t\t\t\t<div class=\"elementor-container elementor-column-gap-default\">\n\t\t\t\t\t<div class=\"elementor-column elementor-col-100 elementor-top-column elementor-element elementor-element-65e8a3d4\" data-id=\"65e8a3d4\" data-element_type=\"column\" data-e-type=\"column\">\n\t\t\t<div class=\"elementor-widget-wrap elementor-element-populated\">\n\t\t\t\t\t\t<div class=\"elementor-element elementor-element-28809ac0 elementor-widget elementor-widget-spacer\" data-id=\"28809ac0\" data-element_type=\"widget\" data-e-type=\"widget\" data-widget_type=\"spacer.default\">\n\t\t\t\t\t\t\t<div class=\"elementor-spacer\">\n\t\t\t<div class=\"elementor-spacer-inner\"><\/div>\n\t\t<\/div>\n\t\t\t\t\t\t<\/div>\n\t\t\t\t<section class=\"elementor-section elementor-inner-section elementor-element elementor-element-48c3b5e8 elementor-section-boxed elementor-section-height-default elementor-section-height-default\" data-id=\"48c3b5e8\" data-element_type=\"section\" data-e-type=\"section\">\n\t\t\t\t\t\t<div class=\"elementor-container elementor-column-gap-extended\">\n\t\t\t\t\t<div class=\"elementor-column elementor-col-50 elementor-inner-column elementor-element elementor-element-7ca69293\" data-id=\"7ca69293\" data-element_type=\"column\" data-e-type=\"column\">\n\t\t\t<div class=\"elementor-widget-wrap elementor-element-populated\">\n\t\t\t\t\t\t<div class=\"elementor-element elementor-element-119514a0 elementor-widget elementor-widget-mae-fancy-image\" data-id=\"119514a0\" data-element_type=\"widget\" data-e-type=\"widget\" data-widget_type=\"mae-fancy-image.default\">\n\t\t\t\t<div class=\"elementor-widget-container\">\n\t\t\t\t\t\n\t\t\t<div class=\"master-fancy-image reveal lr\" data-in-viewport=\"true\">\n\t\t\t\t<figure>\n\t\t\t\t\t<img fetchpriority=\"high\" decoding=\"async\" width=\"570\" height=\"370\" src=\"https:\/\/arqcreative.com.br\/wp-content\/uploads\/2026\/02\/8.png\" class=\"attachment-full size-full wp-image-2347\" alt=\"\" srcset=\"https:\/\/arqcreative.com.br\/wp-content\/uploads\/2026\/02\/8.png 570w, https:\/\/arqcreative.com.br\/wp-content\/uploads\/2026\/02\/8-300x195.png 300w\" sizes=\"(max-width: 570px) 100vw, 570px\" \/>\t\t\t\t<\/figure>\n\n\t\t        \t\t\t<\/div>\n\n\t\t\t\t\t\t<\/div>\n\t\t\t\t<\/div>\n\t\t\t\t\t<\/div>\n\t\t<\/div>\n\t\t\t\t<div class=\"elementor-column elementor-col-50 elementor-inner-column elementor-element elementor-element-14bf3fed\" data-id=\"14bf3fed\" data-element_type=\"column\" data-e-type=\"column\">\n\t\t\t<div class=\"elementor-widget-wrap elementor-element-populated\">\n\t\t\t\t\t\t<div class=\"elementor-element elementor-element-702a3ff5 align-left elementor-widget elementor-widget-mae-headings\" data-id=\"702a3ff5\" data-element_type=\"widget\" data-e-type=\"widget\" data-widget_type=\"mae-headings.default\">\n\t\t\t\t<div class=\"elementor-widget-container\">\n\t\t\t\t\t\t\t<div class=\"master-heading\">\n\t        \n\t        \t        <h2 class=\"main-heading\">Servi\u00e7os adicionais (sob consulta)<\/h2>\n\t        \n\t        \t        <div class=\"divider\"><\/div>\n\t        \n\t        \t            <div class=\"sub-heading\">Cada evento tem necessidades espec\u00edficas al\u00e9m do stand: opera\u00e7\u00e3o, atendimento e suporte di\u00e1rio. Por isso, oferecemos servi\u00e7os adicionais conforme demanda e viabilidade do projeto. Podemos apoiar com itens que melhoram experi\u00eancia, organiza\u00e7\u00e3o e rotina do expositor. Isso evita m\u00faltiplos fornecedores e facilita a gest\u00e3o do evento para o cliente e a ag\u00eancia. Tudo \u00e9 alinhado com clareza, prazo e responsabilidade, conforme regras do pavilh\u00e3o. Voc\u00ea contrata o que precisa para o stand funcionar do in\u00edcio ao fim.<\/div>\n\t        \t    <\/div>\n\t    \t\t\t\t<\/div>\n\t\t\t\t<\/div>\n\t\t\t\t<div class=\"elementor-element elementor-element-7578b149 elementor-widget elementor-widget-spacer\" data-id=\"7578b149\" data-element_type=\"widget\" data-e-type=\"widget\" data-widget_type=\"spacer.default\">\n\t\t\t\t\t\t\t<div class=\"elementor-spacer\">\n\t\t\t<div class=\"elementor-spacer-inner\"><\/div>\n\t\t<\/div>\n\t\t\t\t\t\t<\/div>\n\t\t\t\t<div class=\"elementor-element elementor-element-20336c26 align-left elementor-widget elementor-widget-mae-button\" data-id=\"20336c26\" data-element_type=\"widget\" data-e-type=\"widget\" data-widget_type=\"mae-button.default\">\n\t\t\t\t<div class=\"elementor-widget-container\">\n\t\t\t\t\t\n        <a class=\"master-button btn-accent icon-right medium\" href=\"\" >\n                        <span>Solicitar or\u00e7amento<\/span>\n            <span class=\"icon fa fa-arrow-right\"><\/span>        <\/a>\n\n        \t\t\t\t<\/div>\n\t\t\t\t<\/div>\n\t\t\t\t\t<\/div>\n\t\t<\/div>\n\t\t\t\t\t<\/div>\n\t\t<\/section>\n\t\t\t\t<div class=\"elementor-element elementor-element-12e5d1cc elementor-widget elementor-widget-spacer\" data-id=\"12e5d1cc\" data-element_type=\"widget\" data-e-type=\"widget\" data-widget_type=\"spacer.default\">\n\t\t\t\t\t\t\t<div class=\"elementor-spacer\">\n\t\t\t<div class=\"elementor-spacer-inner\"><\/div>\n\t\t<\/div>\n\t\t\t\t\t\t<\/div>\n\t\t\t\t<div class=\"elementor-element elementor-element-4df5e191 elementor-widget elementor-widget-spacer\" data-id=\"4df5e191\" data-element_type=\"widget\" data-e-type=\"widget\" data-widget_type=\"spacer.default\">\n\t\t\t\t\t\t\t<div class=\"elementor-spacer\">\n\t\t\t<div class=\"elementor-spacer-inner\"><\/div>\n\t\t<\/div>\n\t\t\t\t\t\t<\/div>\n\t\t\t\t\t<\/div>\n\t\t<\/div>\n\t\t\t\t\t<\/div>\n\t\t<\/section>\n\t\t\t\t<section class=\"elementor-section elementor-top-section elementor-element elementor-element-79bcbf81 elementor-section-stretched elementor-section-full_width elementor-section-height-default elementor-section-height-default\" data-id=\"79bcbf81\" data-element_type=\"section\" data-e-type=\"section\" data-settings=\"{&quot;stretch_section&quot;:&quot;section-stretched&quot;,&quot;background_background&quot;:&quot;classic&quot;}\">\n\t\t\t\t\t\t<div class=\"elementor-container elementor-column-gap-default\">\n\t\t\t\t\t<div class=\"elementor-column elementor-col-100 elementor-top-column elementor-element elementor-element-6f6b3b24\" data-id=\"6f6b3b24\" data-element_type=\"column\" data-e-type=\"column\">\n\t\t\t<div class=\"elementor-widget-wrap elementor-element-populated\">\n\t\t\t\t\t\t<div class=\"elementor-element elementor-element-58836349 elementor-widget elementor-widget-spacer\" data-id=\"58836349\" data-element_type=\"widget\" data-e-type=\"widget\" data-widget_type=\"spacer.default\">\n\t\t\t\t\t\t\t<div class=\"elementor-spacer\">\n\t\t\t<div class=\"elementor-spacer-inner\"><\/div>\n\t\t<\/div>\n\t\t\t\t\t\t<\/div>\n\t\t\t\t<section class=\"elementor-section elementor-inner-section elementor-element elementor-element-60788fa elementor-section-content-middle elementor-section-boxed elementor-section-height-default elementor-section-height-default\" data-id=\"60788fa\" data-element_type=\"section\" data-e-type=\"section\">\n\t\t\t\t\t\t<div class=\"elementor-container elementor-column-gap-extended\">\n\t\t\t\t\t<div class=\"elementor-column elementor-col-50 elementor-inner-column elementor-element elementor-element-68ae5c2c\" data-id=\"68ae5c2c\" data-element_type=\"column\" data-e-type=\"column\">\n\t\t\t<div class=\"elementor-widget-wrap elementor-element-populated\">\n\t\t\t\t\t\t<div class=\"elementor-element elementor-element-43857f20 elementor-widget elementor-widget-mae-fancy-image\" data-id=\"43857f20\" data-element_type=\"widget\" data-e-type=\"widget\" data-widget_type=\"mae-fancy-image.default\">\n\t\t\t\t<div class=\"elementor-widget-container\">\n\t\t\t\t\t\t\t\t<div class=\"master-fancy-image bg-top bg-top\" data-in-viewport=\"true\">\n\t\t\t\t<div class=\"master-fancy-image-inner\">\n\t\t\t\t\t<span class=\"master-fancy-image-bg\"><\/span>\n\n\t\t\t\t\t<div class=\"master-fancy-image-holder\">\n\t\t\t\t\t\t<img decoding=\"async\" width=\"717\" height=\"764\" src=\"https:\/\/arqcreative.com.br\/wp-content\/uploads\/2026\/02\/8-1.png\" class=\"attachment-full size-full wp-image-2348\" alt=\"\" srcset=\"https:\/\/arqcreative.com.br\/wp-content\/uploads\/2026\/02\/8-1.png 717w, https:\/\/arqcreative.com.br\/wp-content\/uploads\/2026\/02\/8-1-282x300.png 282w\" sizes=\"(max-width: 717px) 100vw, 717px\" \/>\n\t\t\t\t        \t\t\t\t\t<\/div>\n\t\t\t\t<\/div>\n\t\t    <\/div>\n\n\t    \t\t\t\t<\/div>\n\t\t\t\t<\/div>\n\t\t\t\t\t<\/div>\n\t\t<\/div>\n\t\t\t\t<div class=\"elementor-column elementor-col-50 elementor-inner-column elementor-element elementor-element-10117b26\" data-id=\"10117b26\" data-element_type=\"column\" data-e-type=\"column\">\n\t\t\t<div class=\"elementor-widget-wrap elementor-element-populated\">\n\t\t\t\t\t\t<div class=\"elementor-element elementor-element-1c02c87e align-left elementor-widget elementor-widget-mae-headings\" data-id=\"1c02c87e\" data-element_type=\"widget\" data-e-type=\"widget\" data-widget_type=\"mae-headings.default\">\n\t\t\t\t<div class=\"elementor-widget-container\">\n\t\t\t\t\t\t\t<div class=\"master-heading\">\n\t        \n\t        \t        <h2 class=\"main-heading\"> Um parceiro que resolve o extra com o mesmo padr\u00e3o da entrega principal.<\/h2>\n\t        \n\t        \n\t        \t    <\/div>\n\t    \t\t\t\t<\/div>\n\t\t\t\t<\/div>\n\t\t\t\t<div class=\"elementor-element elementor-element-61a339d5 elementor-widget elementor-widget-mae-tabs\" data-id=\"61a339d5\" data-element_type=\"widget\" data-e-type=\"widget\" data-widget_type=\"mae-tabs.default\">\n\t\t\t\t<div class=\"elementor-widget-container\">\n\t\t\t\t\t\n\t\t<div class=\"master-tabs\">\n\t\t\t\t\t\t<ul class=\"tab-link-wrap\">\n\t\t\t\t\t\t\t\t<li class=\"tab-link\" data-tab=\"tab-1218\">Opera\u00e7\u00e3o mais leve<\/li>\n\t\t\t\t\t\t\t\t<li class=\"tab-link\" data-tab=\"tab-2218\">Fornecedores centralizados<\/li>\n\t\t\t\t\t\t\t\t<li class=\"tab-link\" data-tab=\"tab-3218\">Extras sob demanda<\/li>\n\t\t\t\t\t\t\t<\/ul>\n\t\t\t\n\t\t\t<div class=\"tab-content-wrap\">\n\t\t\t\t\t\t\t\t<div id=\"tab-1218\" class=\"tab-content\">\n\t\t\t\t\t<p><span style=\"font-weight: 400;\">\u00a0Apoio com necessidades pr\u00e1ticas do dia a dia do evento.<\/span><span style=\"font-weight: 400;\"><br \/><\/span><span style=\"font-weight: 400;\"> Facilita rotina de equipe, reposi\u00e7\u00e3o e organiza\u00e7\u00e3o do espa\u00e7o.<\/span><span style=\"font-weight: 400;\"><br \/><\/span><span style=\"font-weight: 400;\"> Reduz corre-corre e improvisos durante os dias de feira.<\/span><span style=\"font-weight: 400;\"><br \/><\/span><span style=\"font-weight: 400;\"> Mais previsibilidade para quem est\u00e1 no atendimento.<\/span><span style=\"font-weight: 400;\"><br \/><\/span><span style=\"font-weight: 400;\"> Stand rodando com tranquilidade.<\/span><\/p>\t\t\t\t<\/div>\n\t\t\t\t\t\t\t\t<div id=\"tab-2218\" class=\"tab-content\">\n\t\t\t\t\t<p><span style=\"font-weight: 400;\">\u00a0Menos gente para gerenciar e menos risco de falhas de integra\u00e7\u00e3o.<\/span><span style=\"font-weight: 400;\"><br \/><\/span><span style=\"font-weight: 400;\"> Alinhamento de prazos com um fluxo mais coordenado.<\/span><span style=\"font-weight: 400;\"><br \/><\/span><span style=\"font-weight: 400;\"> Padroniza\u00e7\u00e3o do que entra no stand e como entra.<\/span><span style=\"font-weight: 400;\"><br \/><\/span><span style=\"font-weight: 400;\"> Mais controle e menos ru\u00eddo na comunica\u00e7\u00e3o.<\/span><span style=\"font-weight: 400;\"><br \/><\/span><span style=\"font-weight: 400;\"> Agilidade na tomada de decis\u00e3o.<\/span><\/p>\t\t\t\t<\/div>\n\t\t\t\t\t\t\t\t<div id=\"tab-3218\" class=\"tab-content\">\n\t\t\t\t\t<p><span style=\"font-weight: 400;\">\u00a0Itens como staff, limpeza, vigil\u00e2ncia, impressos e apoio log\u00edstico.<\/span><span style=\"font-weight: 400;\"><br \/><\/span><span style=\"font-weight: 400;\"> Op\u00e7\u00f5es que podem incluir buffet\/caf\u00e9 e solu\u00e7\u00f5es operacionais.<\/span><span style=\"font-weight: 400;\"><br \/><\/span><span style=\"font-weight: 400;\"> Tudo avaliado conforme regras do evento e disponibilidade.<\/span><span style=\"font-weight: 400;\"><br \/><\/span><span style=\"font-weight: 400;\"> Transpar\u00eancia de escopo para evitar surpresas em custo e prazo.<\/span><span style=\"font-weight: 400;\"><br \/><\/span><span style=\"font-weight: 400;\"> Servi\u00e7os pensados para complementar a entrega.<\/span><\/p>\t\t\t\t<\/div>\n\t\t\t\t\t\t\t<\/div>\n\t    <\/div>\n\n\t    \t\t\t\t<\/div>\n\t\t\t\t<\/div>\n\t\t\t\t\t<\/div>\n\t\t<\/div>\n\t\t\t\t\t<\/div>\n\t\t<\/section>\n\t\t\t\t<div class=\"elementor-element elementor-element-6ca152c2 elementor-widget elementor-widget-spacer\" data-id=\"6ca152c2\" data-element_type=\"widget\" data-e-type=\"widget\" data-widget_type=\"spacer.default\">\n\t\t\t\t\t\t\t<div class=\"elementor-spacer\">\n\t\t\t<div class=\"elementor-spacer-inner\"><\/div>\n\t\t<\/div>\n\t\t\t\t\t\t<\/div>\n\t\t\t\t\t<\/div>\n\t\t<\/div>\n\t\t\t\t\t<\/div>\n\t\t<\/section>\n\t\t\t\t<\/div>\n\t\t","protected":false},"excerpt":{"rendered":"<p>Servi\u00e7os adicionais (sob consulta) Cada evento tem necessidades espec\u00edficas al\u00e9m do stand: opera\u00e7\u00e3o, atendimento e suporte di\u00e1rio. Por isso, oferecemos servi\u00e7os adicionais conforme demanda e viabilidade do projeto. Podemos apoiar com itens que melhoram experi\u00eancia, organiza\u00e7\u00e3o e rotina do expositor. Isso evita m\u00faltiplos fornecedores e facilita a<\/p>\n","protected":false},"author":1,"featured_media":0,"parent":0,"menu_order":0,"comment_status":"closed","ping_status":"closed","template":"","meta":{"footnotes":""},"class_list":["post-2208","page","type-page","status-publish","hentry"],"_links":{"self":[{"href":"https:\/\/arqcreative.com.br\/index.php\/wp-json\/wp\/v2\/pages\/2208","targetHints":{"allow":["GET"]}}],"collection":[{"href":"https:\/\/arqcreative.com.br\/index.php\/wp-json\/wp\/v2\/pages"}],"about":[{"href":"https:\/\/arqcreative.com.br\/index.php\/wp-json\/wp\/v2\/types\/page"}],"author":[{"embeddable":true,"href":"https:\/\/arqcreative.com.br\/index.php\/wp-json\/wp\/v2\/users\/1"}],"replies":[{"embeddable":true,"href":"https:\/\/arqcreative.com.br\/index.php\/wp-json\/wp\/v2\/comments?post=2208"}],"version-history":[{"count":7,"href":"https:\/\/arqcreative.com.br\/index.php\/wp-json\/wp\/v2\/pages\/2208\/revisions"}],"predecessor-version":[{"id":2351,"href":"https:\/\/arqcreative.com.br\/index.php\/wp-json\/wp\/v2\/pages\/2208\/revisions\/2351"}],"wp:attachment":[{"href":"https:\/\/arqcreative.com.br\/index.php\/wp-json\/wp\/v2\/media?parent=2208"}],"curies":[{"name":"wp","href":"https:\/\/api.w.org\/{rel}","templated":true}]}}